{"id":7,"date":"2018-07-11T12:45:20","date_gmt":"2018-07-11T12:45:20","guid":{"rendered":"https:\/\/ingos-buchseite.de\/?page_id=7"},"modified":"2025-09-13T14:42:34","modified_gmt":"2025-09-13T14:42:34","slug":"7-2","status":"publish","type":"page","link":"https:\/\/ingos-buchseite.de\/","title":{"rendered":"Der Autor stellt sich vor"},"content":{"rendered":"<div class=\"wp-block-image\">\n<figure class=\"aligncenter is-resized\"><img loading=\"lazy\" decoding=\"async\" width=\"250\" height=\"166\" src=\"https:\/\/ingos-buchseite.de\/wordpress\/wp-content\/uploads\/2018\/08\/61p20M7xG3L._UX250_.jpg\" alt=\"\" class=\"wp-image-15\" style=\"width:280px;height:auto\"\/><\/figure>\n<\/div>\n\n\n<p><\/p>\n\n\n\n<p class=\"has-medium-font-size\"><strong><span style=\"color: #ffcc00;\">Ingo Litschka,<\/span><\/strong><span style=\"color: #ffcc00;\"> hier in der Jahrhunderthalle in Bochum auf dem historischen Jahrmarkt zu sehen, wurde 1968 in Pforzheim geboren, lernte sich dort wirtschaftlich durch sein Abitur, besuchte ein paar Semester Germanistik, bekam etwas Theologie zu fassen, ehe er sich in der Kunstschule in Stuttgart zwischen all den Farben wiederfand.<br>Seit Anfang der 90er Jahre bin ich freischaffender K\u00fcnstler. <\/span><br><span style=\"color: #ffcc00;\"><span style=\"font-size: inherit;\">Und weil meine Kunst<\/span><span style=\"font-size: inherit;\"> im Schatten blieb, bekam der Schatten einfach die Hauptrolle in meinen Arbeiten.&nbsp;<\/span><\/span><\/p>\n\n\n<div class=\"wp-block-image\">\n<figure class=\"aligncenter\"><img loading=\"lazy\" decoding=\"async\" width=\"300\" height=\"225\" src=\"https:\/\/ingos-buchseite.de\/wordpress\/wp-content\/uploads\/2021\/03\/DSCF0586-300x225.jpg\" alt=\"\" class=\"wp-image-603\" srcset=\"https:\/\/ingos-buchseite.de\/wordpress\/wp-content\/uploads\/2021\/03\/DSCF0586-300x225.jpg 300w, https:\/\/ingos-buchseite.de\/wordpress\/wp-content\/uploads\/2021\/03\/DSCF0586-1024x768.jpg 1024w, https:\/\/ingos-buchseite.de\/wordpress\/wp-content\/uploads\/2021\/03\/DSCF0586-768x576.jpg 768w, https:\/\/ingos-buchseite.de\/wordpress\/wp-content\/uploads\/2021\/03\/DSCF0586-1536x1152.jpg 1536w, https:\/\/ingos-buchseite.de\/wordpress\/wp-content\/uploads\/2021\/03\/DSCF0586-2048x1536.jpg 2048w\" sizes=\"auto, (max-width: 300px) 100vw, 300px\" \/><\/figure>\n<\/div>\n\n\n<p><\/p>\n\n\n\n<p><\/p>\n\n\n\n<p class=\"has-medium-font-size\"><span style=\"color: #ffcc00;\">Anfang 2000 trat der Zufall aus dem Schatten. <br>Er wollte mit dem Schwert fuchteln. Wahrscheinlich hatte er den passenden Film gesehen. Dann will man das schon mal nachmachen. <br>Irgendwie landete ich dann aber doch nicht beim Film.<br>Stattdessen lernte ich dann flei\u00dfig die Techniken des <strong>Johannes Liechtenauer<\/strong> und weil&#8217;s so sch\u00f6n war, schob mich mein Mentor gleich weiter zum Faustschild, zum Scheibendolch, zum langen Messer vom Pfarrer <strong>Johannes Leck\u00fcchner<\/strong>. und das Ganze nannte sich dann <strong>historischen Fechten.<\/strong><\/span><br><span style=\"color: #ffcc00;\">Und wie bei Vielem, das so einem so zuf\u00e4llig \u00fcber den Weg l\u00e4uft, ist dieses Fechten dann einfach geblieben.<\/span><br><span style=\"color: #ffcc00;\">Seit Gr\u00fcndung meiner Schule Fecht-Hut unterrichte ich es sogar.<\/span><br><span style=\"color: #ffcc00;\">Von Pinsel und Plexiglas zu Schwert und Messer hat mich dann selbst \u00fcberrascht, denn so war es ja nicht geplant worden, aber es hat ganz gut funktioniert. <br>Die Schwerter durchbohren keine Leinw\u00e4nde und die Pinsel verklecksen keine Sch\u00fcler, also kann sich keine Seite beschweren.<\/span><\/p>\n\n\n<div class=\"wp-block-image\">\n<figure class=\"alignleft\"><img loading=\"lazy\" decoding=\"async\" width=\"150\" height=\"150\" src=\"https:\/\/ingos-buchseite.de\/wordpress\/wp-content\/uploads\/2023\/04\/System-der-Klingen-1-150x150.jpg\" alt=\"\" class=\"wp-image-787\"\/><\/figure>\n<\/div>\n\n\n<p class=\"has-medium-font-size\"><span style=\"color: #ffcc00;\">2015 begann das Schreiben. <br>Nach langem Z\u00f6gern und&nbsp; diesmal ganz ohne Zufall, aber langem Zaudern und, man glaubt es kaum, viel Nachdenken.<\/span><br><span style=\"color: #ffcc00;\">Dieses Schreiben scheint schon die Fechtlehrer in alten Zeiten recht oft gepackt zu haben. Wenn man den Berg an Handschriften so anschaut, dann hat es die alten Meister ganz ordentlich gepackt.<\/span><br><span style=\"color: #ffcc00;\">Warum sollte es mir da anders gehen? <br>Im richtigen Alter war ich ja auch ungef\u00e4hr und es sollte ja eigentlich nur ein Buch werden. <br>Eigentlich&#8230;<br>&nbsp;So fand ich mich zwischen den vielen Buchseiten von<\/span><br><span style=\"color: #ccffff;\"><span style=\"color: #ffff99;\"><a style=\"color: #ffff99;\" href=\"https:\/\/ingos-buchseite.de\/?page_id=30\" target=\"_blank\" rel=\"noopener noreferrer\"> System der Klingen<\/a><\/span>&nbsp;<\/span> <span style=\"color: #ffff00;\"><span style=\"color: #ffcc00;\">wieder<\/span>.<\/span><br><span style=\"color: #ffcc00;\">Da kann man zwischen&nbsp; Fotos und knackigen Texten so einiges \u00fcbers Fechten mit Schwert &amp; Co lernen.<\/span><\/p>\n\n\n\n<p><\/p>\n\n\n<div class=\"wp-block-image\">\n<figure class=\"alignright\"><img loading=\"lazy\" decoding=\"async\" width=\"150\" height=\"150\" src=\"https:\/\/ingos-buchseite.de\/wordpress\/wp-content\/uploads\/2023\/04\/Time-of-Bartitsu-150x150.jpg\" alt=\"\" class=\"wp-image-778\"\/><\/figure>\n<\/div>\n\n\n<p class=\"has-medium-font-size\"><span style=\"color: #ffcc00;\">&nbsp;Die<\/span>&nbsp;<span style=\"color: #ffff99;\"><a style=\"color: #ffff99;\" href=\"https:\/\/ingos-buchseite.de\/?page_id=32\" target=\"_blank\" rel=\"noopener noreferrer\">Bartitsu<\/a><\/span> <span style=\"color: #ffff00;\"><span style=\"color: #ffcc00;\">Serie entstand gleichzeitig. Die gut gemischte Selbstverteidigung von&nbsp; <strong>E. W.<\/strong> <strong><em>Barton-Wright <\/em><\/strong>mischte mir die Seiten auf. <br>Was sich damals im Gaslicht so alles abspielte&#8230;<\/span><\/span><\/p>\n\n\n\n<p><\/p>\n\n\n<div class=\"wp-block-image\">\n<figure class=\"alignleft\"><img loading=\"lazy\" decoding=\"async\" width=\"150\" height=\"150\" src=\"https:\/\/ingos-buchseite.de\/wordpress\/wp-content\/uploads\/2023\/04\/Schwert-Kraft-1-150x150.jpg\" alt=\"\" class=\"wp-image-833\"\/><\/figure>\n<\/div>\n\n\n<p class=\"has-medium-font-size\"><span style=\"color: #ffff00;\"><br>&nbsp;In <\/span><span style=\"color: #ffff99;\"><a style=\"color: #ffff99;\" href=\"https:\/\/ingos-buchseite.de\/?page_id=111\" target=\"_blank\" rel=\"noopener noreferrer\">Gedanken Motivation Kraft<\/a><\/span><span style=\"color: #ffcc99;\">&nbsp;<\/span> <span style=\"color: #ffcc00;\">darf der Schwei\u00df mal kraftvoll flie\u00dfen. Oder die Gedanken frei sein. Auch sowas kann beim Fechten immer mal wieder&nbsp; vorkommen.<\/span><\/p>\n\n\n\n<p><\/p>\n\n\n<div class=\"wp-block-image\">\n<figure class=\"alignright\"><img loading=\"lazy\" decoding=\"async\" width=\"150\" height=\"150\" src=\"https:\/\/ingos-buchseite.de\/wordpress\/wp-content\/uploads\/2023\/04\/ungrischer-Schild-150x150.jpg\" alt=\"\" class=\"wp-image-806\"\/><\/figure>\n<\/div>\n\n\n<p class=\"has-medium-font-size\"><span style=\"color: #ffcc00;\"> Und wem das immer noch nicht genug ist, der kann in<\/span> <span style=\"color: #ffff99;\"><a style=\"color: #ffff99;\" href=\"https:\/\/ingos-buchseite.de\/?page_id=260\" target=\"_blank\" rel=\"noopener noreferrer\">Schild, Speer und mehr<\/a>&nbsp; <\/span><span style=\"color: #ffcc00;\">noch ganz andere Waffenkobinationen kennenlernen oder die alten Texte in modernem Deutsch nachlesen .<br>Das m\u00fcsste dann eigentlich an schwei\u00dftreibender Sachlichkeit mal reichen.&nbsp;<\/span><\/p>\n\n\n\n<p><\/p>\n\n\n<div class=\"wp-block-image\">\n<figure class=\"alignleft\"><img loading=\"lazy\" decoding=\"async\" width=\"150\" height=\"150\" src=\"https:\/\/ingos-buchseite.de\/wordpress\/wp-content\/uploads\/2023\/04\/brennende-Wolken-Gil-Kayn-serie-1-150x150.jpg\" alt=\"\" class=\"wp-image-852\"\/><\/figure>\n<\/div>\n\n\n<p class=\"has-medium-font-size\"><span style=\"color: #ffcc00;\">Neben so&nbsp; viel martialischer Sachlichkeit fehlte mir dann doch etwas. <br>Sie erinnern sich an das Foto mit dem Jahrmarkt?&nbsp; <br>So etwas kann zu ganz anderen Ideen f\u00fchren&#8230;<\/span><br><span style=\"color: #ffff00;\"><span style=\"color: #ffcc00;\">Eigentlich sollte es auch nur ein kleiner Fantasyroman werden.&nbsp;<br>Also begann ich begeistert mit dem neuen Schreiben. Mein einziger Roman sollte es werden und es sah auch schon ganz gut aus, was ich mir da selbst laut vorlas.&nbsp;<br>Eigentlich war alles schon in Butter, aber irgendwie blieben da am Ende ein paar Zeilen \u00fcbrig. Die wollten einfach nirgends in den Roman passen.<br>Sie kamen auf neue Seiten, da w\u00fcrden sie nicht st\u00f6ren. <br>Jedenfalls kam der Roman heraus. <br>Dann fiel mein Blick auf diese neuen Seiten. <br>&#8222;Eigentlich gar nicht schlimm.&#8220;, dachte ich mir und schrieb ein paar Seiten mehr, bis ein Roman dalag und wieder ein paar Zeilen \u00fcbrig blieben, die dann ihrerseits&#8230;. aber ich schweife ab. <br>&nbsp;Jedenfalls genau so entstand<\/span><span style=\"color: #ffcc00;\">&nbsp;die Serie um<\/span> <a style=\"color: #ffff00;\" href=\"https:\/\/ingos-buchseite.de\/?page_id=36\" target=\"_blank\" rel=\"noopener noreferrer\">Gil Kayn<\/a> .<\/span><br><span style=\"color: #ffcc00;\">Er lebt in einem beinahe viktorianischen London mit viel Dampfkraft, schrulligen Erfindern und Wesen, die ein wenig &#8222;anders&#8220; sind&#8230;<\/span><\/p>\n\n\n\n<p><\/p>\n\n\n<div class=\"wp-block-image\">\n<figure class=\"alignright\"><img loading=\"lazy\" decoding=\"async\" width=\"150\" height=\"150\" src=\"https:\/\/ingos-buchseite.de\/wordpress\/wp-content\/uploads\/2023\/04\/Alberikus-Alb-vom-dunklen-Rhein-Band-1-150x150.jpg\" alt=\"\" class=\"wp-image-866\"\/><\/figure>\n<\/div>\n\n\n<p class=\"has-medium-font-size\"><span style=\"color: #ffff00;\"><span style=\"color: #ffcc00;\">Aber warum soll Fantasy immer in fremden L\u00e4ndern und weit weg stattfinden? <br>So eine Frage kann einem schon mal kommen, wenn man in Speyer vor dem Dom steht. <\/span><br><span style=\"color: #ffcc00;\">Also bringt<\/span> <\/span>&nbsp;<span style=\"color: #ffff00;\"><a style=\"color: #ffff00;\" href=\"https:\/\/ingos-buchseite.de\/?page_id=34\" target=\"_blank\" rel=\"noopener noreferrer\">Alberikus<\/a> &nbsp;<span style=\"color: #ffcc00;\">einen Alb aus alter Zeit, an den Rhein zur\u00fcck. An einen Rhein mit Autos, Handys und Computern.<\/span><\/span><br><span style=\"color: #ffcc00;\">Aber Vorsicht! Alberikus&nbsp; ist absolut<strong> kein<\/strong> Zuckerelf.<\/span><\/p>\n\n\n\n<p class=\"has-medium-font-size\"><span style=\"color: #ffcc00;\">Der<\/span>&nbsp;<span style=\"color: #ffff00;\"><a style=\"color: #ffff00;\" href=\"https:\/\/ingos-buchseite.de\/?page_id=40\" target=\"_blank\" rel=\"noopener noreferrer\">Traummann<\/a><b> <\/b><\/span><span style=\"color: #ffcc00;\">, &nbsp;ist allerdings nicht ganz so frei erfunden, wie manch ein Traummann sich das w\u00fcnscht.<\/span><br><span style=\"color: #ffcc00;\">Diesmal wollte&nbsp; Sina Holste es auch wissen und hat prompt mitgeschrieben. Sonst gestaltet sie eigentlich eher die Cover meiner Romane.<\/span><br><span style=\"color: #ffcc00;\">Weil sie es nun wei\u00df, gestaltet sie hier weiter &#8212;&gt;<\/span>&nbsp; <span style=\"color: #ffff99;\">&nbsp;<a style=\"color: #ffff99;\" href=\"https:\/\/sinaholste.de\/\" target=\"_blank\" rel=\"noopener noreferrer\">Sina Holste Design<\/a><\/span><\/p>\n\n\n<div class=\"wp-block-image\">\n<figure class=\"alignleft\"><img loading=\"lazy\" decoding=\"async\" width=\"150\" height=\"150\" src=\"https:\/\/ingos-buchseite.de\/wordpress\/wp-content\/uploads\/2023\/04\/Spiegelherz-Band-1-1-150x150.jpg\" alt=\"\" class=\"wp-image-855\"\/><\/figure>\n<\/div>\n\n\n<p class=\"has-medium-font-size\"><span style=\"color: #ffcc00;\">&nbsp; In<\/span>&nbsp;<span style=\"color: #ffff00;\"><a style=\"color: #ffff00;\" href=\"https:\/\/ingos-buchseite.de\/?page_id=294\" target=\"_blank\" rel=\"noopener noreferrer\">Spiegelherz<\/a>&nbsp;<\/span> <span style=\"color: #ffcc00;\">bringt ein Geschenk ein Wesen in die Schmuckstadt am Rande des Schwarzwaldes.&nbsp;<\/span><br><span style=\"color: #ffcc00;\">Und zwei Br\u00fcder m\u00fcssen lernen, da\u00df nicht jedes m\u00e4rchenhafte Geschenk nur ein M\u00e4rchen ist&#8230;<\/span><\/p>\n\n\n\n<p><\/p>\n\n\n<div class=\"wp-block-image\">\n<figure class=\"alignright\"><img loading=\"lazy\" decoding=\"async\" width=\"150\" height=\"150\" src=\"https:\/\/ingos-buchseite.de\/wordpress\/wp-content\/uploads\/2023\/04\/Petrolina-kleine-Doppelhexe-150x150.jpg\" alt=\"\" class=\"wp-image-844\"\/><\/figure>\n<\/div>\n\n\n<p class=\"has-medium-font-size\"><br><br><span style=\"color: #ffcc00;\">&#8222;Warum schreibst du denn kein Kinderbuch?&#8220;, fragte die kleine Fynia.<br>Und weil das nicht sofort funktionierte, da fragte sie es einfach nochmal. Man kann so eine Frage auch noch viel \u00f6fter stellen, wenn der Autor nicht gleich losschreibt. Dann muss man es ihm aber mal sagen und wie! <br>Sie gibt n\u00e4mlich nicht gleich auf, diese Fynia.&nbsp; <\/span><br><span style=\"color: #ffcc00;\">So wurde die kleine Doppelhexe<\/span>&nbsp;<span style=\"color: #00ffff;\"><a style=\"color: #00ffff;\" href=\"https:\/\/ingos-buchseite.de\/?page_id=508\" target=\"_blank\" rel=\"noopener\">Petrolina<\/a><\/span> <span style=\"color: #ffcc00;\">&nbsp;geboren und du kannst ihre Abenteuer gleich doppelt, ja sogar dreifach entdecken, denn wenn sie ihre zwei Zauberst\u00e4be z\u00fcckt, dann &#8230;.<\/span><\/p>\n\n\n\n<p><\/p>\n\n\n\n<p><span style=\"color: #ffff00;\">&nbsp; &nbsp; &nbsp; &nbsp; &nbsp; &nbsp; &nbsp; &nbsp; &nbsp; &nbsp; &nbsp; &nbsp; &nbsp; &nbsp; &nbsp; &nbsp; &nbsp; &nbsp; &nbsp; &nbsp; &nbsp; &nbsp; &nbsp; &nbsp; &nbsp; &nbsp; &nbsp; &nbsp; &nbsp; &nbsp; &nbsp; &nbsp; &nbsp; &nbsp; &nbsp; &nbsp;****<\/span><\/p>\n\n\n\n<p><\/p>\n\n\n\n<p class=\"has-medium-font-size\"><span style=\"color: #ffcc00;\">Wenn die vielen Fechtb\u00fccher und Abenteuerb\u00fccher Ihnen das Gef\u00fchl gaben sich ins Gefecht st\u00fcrzen zu wollen und Ihnen dabei die \u00dcbung fehlt, dann <\/span><br><span style=\"color: #ffcc00;\">k\u00f6nnen Sie mal hier anklopfen&nbsp; &#8212;-&gt;<\/span><span style=\"color: #ffff99;\"> <a style=\"color: #ffff99;\" href=\"https:\/\/www.fecht-hut.de\/\" target=\"_blank\" rel=\"noopener noreferrer\">Fecht-Hut&nbsp;&nbsp;<\/a><\/span><\/p>\n\n\n<div class=\"wp-block-image\">\n<figure class=\"aligncenter is-resized\"><img loading=\"lazy\" decoding=\"async\" width=\"300\" height=\"106\" src=\"https:\/\/ingos-buchseite.de\/wordpress\/wp-content\/uploads\/2020\/02\/fecht-hut_web_header4-300x106.jpg\" alt=\"\" class=\"wp-image-366\" style=\"width:292px;height:auto\" srcset=\"https:\/\/ingos-buchseite.de\/wordpress\/wp-content\/uploads\/2020\/02\/fecht-hut_web_header4-300x106.jpg 300w, https:\/\/ingos-buchseite.de\/wordpress\/wp-content\/uploads\/2020\/02\/fecht-hut_web_header4-768x271.jpg 768w, https:\/\/ingos-buchseite.de\/wordpress\/wp-content\/uploads\/2020\/02\/fecht-hut_web_header4.jpg 850w\" sizes=\"auto, (max-width: 300px) 100vw, 300px\" \/><\/figure>\n<\/div>\n\n\n<p><\/p>\n\n\n\n<p class=\"has-medium-font-size\"><span style=\"color: #ffcc00;\">Wenn Sie stattdessen doch lieber die farbige Kunst mit den ganz anderen Gedanken des Autors bevorzugen;<\/span><br><span style=\"color: #ffcc00;\">dann&nbsp; k\u00f6nnen Sie hier friedlich anklicken. &#8212;&gt;<\/span> <span style=\"color: #ffff99;\"><a style=\"color: #ffff99;\" href=\"https:\/\/www.art-of-shadows.de\/\" target=\"_blank\" rel=\"noopener noreferrer\">art-of-shadows&nbsp;<\/a><\/span><\/p>\n\n\n<div class=\"wp-block-image\">\n<figure class=\"aligncenter is-resized\"><img loading=\"lazy\" decoding=\"async\" width=\"300\" height=\"109\" src=\"https:\/\/ingos-buchseite.de\/wordpress\/wp-content\/uploads\/2021\/11\/art-of-shadows_headergrafik_768x279px-300x109.jpg\" alt=\"\" class=\"wp-image-716\" style=\"width:282px;height:auto\" srcset=\"https:\/\/ingos-buchseite.de\/wordpress\/wp-content\/uploads\/2021\/11\/art-of-shadows_headergrafik_768x279px-300x109.jpg 300w, https:\/\/ingos-buchseite.de\/wordpress\/wp-content\/uploads\/2021\/11\/art-of-shadows_headergrafik_768x279px.jpg 768w\" sizes=\"auto, (max-width: 300px) 100vw, 300px\" \/><\/figure>\n<\/div>\n\n\n<p>&nbsp;<\/p>\n\n\n<div class=\"wp-block-image\">\n<figure class=\"aligncenter is-resized\"><img loading=\"lazy\" decoding=\"async\" width=\"300\" height=\"282\" src=\"https:\/\/ingos-buchseite.de\/wordpress\/wp-content\/uploads\/2022\/07\/DSCF1852-300x282.jpg\" alt=\"\" class=\"wp-image-763\" style=\"width:274px;height:auto\" srcset=\"https:\/\/ingos-buchseite.de\/wordpress\/wp-content\/uploads\/2022\/07\/DSCF1852-300x282.jpg 300w, https:\/\/ingos-buchseite.de\/wordpress\/wp-content\/uploads\/2022\/07\/DSCF1852-1024x962.jpg 1024w, https:\/\/ingos-buchseite.de\/wordpress\/wp-content\/uploads\/2022\/07\/DSCF1852-768x721.jpg 768w, https:\/\/ingos-buchseite.de\/wordpress\/wp-content\/uploads\/2022\/07\/DSCF1852-1536x1442.jpg 1536w, https:\/\/ingos-buchseite.de\/wordpress\/wp-content\/uploads\/2022\/07\/DSCF1852.jpg 1968w\" sizes=\"auto, (max-width: 300px) 100vw, 300px\" \/><\/figure>\n<\/div>\n\n\n<p class=\"has-medium-font-size\"><span style=\"color: #ffcc00;\">Wenn Ihnen etwas besonders gut gefallen hat oder Sie mich etwas fragen wollen, dann k\u00f6nnen Sie mich auch direkt anschreiben.<\/span><br><span style=\"color: #ffcc00;\"> unter:&nbsp; ingo@fecht-hut.de <\/span>&nbsp;<\/p>\n\n\n\n<p><\/p>\n","protected":false},"excerpt":{"rendered":"<p>Ingo Litschka, hier in der Jahrhunderthalle in Bochum auf dem historischen Jahrmarkt zu sehen, wurde 1968 in Pforzheim geboren, lernte sich dort wirtschaftlich durch sein Abitur, besuchte ein paar Semester Germanistik, bekam etwas Theologie zu fassen, ehe er sich in der Kunstschule in Stuttgart zwischen all den Farben wiederfand.Seit Anfang der 90er Jahre bin ich&#8230; <\/p>\n<div class=\"read-more navbutton\"><a href=\"https:\/\/ingos-buchseite.de\/\">Read More<i class=\"fa fa-angle-double-right\"><\/i><\/a><\/div>\n","protected":false},"author":1,"featured_media":0,"parent":0,"menu_order":0,"comment_status":"closed","ping_status":"closed","template":"","meta":{"footnotes":""},"class_list":["post-7","page","type-page","status-publish","hentry"],"_links":{"self":[{"href":"https:\/\/ingos-buchseite.de\/index.php?rest_route=\/wp\/v2\/pages\/7","targetHints":{"allow":["GET"]}}],"collection":[{"href":"https:\/\/ingos-buchseite.de\/index.php?rest_route=\/wp\/v2\/pages"}],"about":[{"href":"https:\/\/ingos-buchseite.de\/index.php?rest_route=\/wp\/v2\/types\/page"}],"author":[{"embeddable":true,"href":"https:\/\/ingos-buchseite.de\/index.php?rest_route=\/wp\/v2\/users\/1"}],"replies":[{"embeddable":true,"href":"https:\/\/ingos-buchseite.de\/index.php?rest_route=%2Fwp%2Fv2%2Fcomments&post=7"}],"version-history":[{"count":109,"href":"https:\/\/ingos-buchseite.de\/index.php?rest_route=\/wp\/v2\/pages\/7\/revisions"}],"predecessor-version":[{"id":1075,"href":"https:\/\/ingos-buchseite.de\/index.php?rest_route=\/wp\/v2\/pages\/7\/revisions\/1075"}],"wp:attachment":[{"href":"https:\/\/ingos-buchseite.de\/index.php?rest_route=%2Fwp%2Fv2%2Fmedia&parent=7"}],"curies":[{"name":"wp","href":"https:\/\/api.w.org\/{rel}","templated":true}]}}