{"id":508,"date":"2021-01-23T13:45:51","date_gmt":"2021-01-23T13:45:51","guid":{"rendered":"https:\/\/ingos-buchseite.de\/?page_id=508"},"modified":"2025-09-11T16:21:25","modified_gmt":"2025-09-11T16:21:25","slug":"kinderbuch","status":"publish","type":"page","link":"https:\/\/ingos-buchseite.de\/?page_id=508","title":{"rendered":"Kinderbuch"},"content":{"rendered":"<div class=\"wp-block-image\">\n<figure class=\"alignleft\"><img loading=\"lazy\" decoding=\"async\" width=\"188\" height=\"300\" src=\"https:\/\/ingos-buchseite.de\/wordpress\/wp-content\/uploads\/2023\/04\/Petrolina-kleine-Doppelhexe-188x300.jpg\" alt=\"\" class=\"wp-image-844\" srcset=\"https:\/\/ingos-buchseite.de\/wordpress\/wp-content\/uploads\/2023\/04\/Petrolina-kleine-Doppelhexe-188x300.jpg 188w, https:\/\/ingos-buchseite.de\/wordpress\/wp-content\/uploads\/2023\/04\/Petrolina-kleine-Doppelhexe.jpg 313w\" sizes=\"auto, (max-width: 188px) 100vw, 188px\" \/><\/figure>\n<\/div>\n\n\n<p class=\"has-medium-font-size\"><span style=\"color: #00ffff;\"> Petrolina ist eine richtige kleine Hexe, so mit Zauberstab und Besen, wie es sich geh\u00f6rt. Es gibt da nur einen kleinen, doppelten Unterschied; sie hat zwei Zauberst\u00e4be und zwei Besen. Sie ist eine Doppelhexe und lebt doppelt friedlich vor sich hin, bis ihre Freundinnen, die zwei Windhexen pl\u00f6tzlich spurlos verschwinden. Keiner wei\u00df wo die Zwillinge geblieben sind und so macht sich Petrolina auf die Suche, um die beiden wieder zu finden, bevor denen der Wind f\u00fcr immer ausgeht&#8230;<\/span><\/p>\n\n\n\n<p class=\"has-medium-font-size\"><span style=\"color: #00ffff;\">Hier wird jetzt &#8212;&gt;<\/span> <a href=\"https:\/\/www.amazon.de\/dp\/B08SZ1FHMK\/ref=sr_1_1?__mk_de_DE=%C3%85M%C3%85%C5%BD%C3%95%C3%91&amp;dchild=1&amp;keywords=Petrolina+ingo&amp;qid=1610702334&amp;s=books&amp;sr=1-1\" target=\"_blank\" rel=\"noopener\">doppelt gehext&nbsp;<\/a><\/p>\n\n\n<div class=\"wp-block-image\">\n<figure class=\"alignright\"><img loading=\"lazy\" decoding=\"async\" width=\"188\" height=\"300\" src=\"https:\/\/ingos-buchseite.de\/wordpress\/wp-content\/uploads\/2023\/04\/Vanesina-kleine-Farbenhexe-188x300.jpg\" alt=\"\" class=\"wp-image-862\" srcset=\"https:\/\/ingos-buchseite.de\/wordpress\/wp-content\/uploads\/2023\/04\/Vanesina-kleine-Farbenhexe-188x300.jpg 188w, https:\/\/ingos-buchseite.de\/wordpress\/wp-content\/uploads\/2023\/04\/Vanesina-kleine-Farbenhexe.jpg 313w\" sizes=\"auto, (max-width: 188px) 100vw, 188px\" \/><\/figure>\n<\/div>\n\n\n<p class=\"has-medium-font-size\"><span style=\"color: #cc99ff;\"> Nur ein einziges Blatt Papier fehlt Vanesina, um weiter Farben zaubern zu d\u00fcrfen. Ein Zertifikat, das ihre F\u00e4higkeiten best\u00e4tigt und so finden sich die Schwestern in der Schule wieder. Es gibt viel zu lernen. <\/span><span style=\"color: #cc99ff;\">Aber nicht jeder dort f\u00fchrt Gutes mit sich. Was eben noch bunt war, wird mit einem Mal grau und Vanesina muss sich beeilen, die Farben wieder zu finden, bevor das Grau ihr die letzte Lebensfarbe nimmt.<\/span><\/p>\n\n\n\n<p class=\"has-medium-font-size\"><span style=\"color: #cc99ff;\">Hier wird&nbsp; jetzt &#8211;&gt;<\/span> &nbsp;<a href=\"https:\/\/www.amazon.de\/dp\/B08XZFDTJJ\/ref=sr_1_1?__mk_de_DE=%C3%85M%C3%85%C5%BD%C3%95%C3%91&amp;dchild=1&amp;keywords=ingo+litschka+vanesina+dreifach+zielt+besser&amp;qid=1614852167&amp;s=books&amp;sr=1-1\" target=\"_blank\" rel=\"noopener\">dreifach gezielt<\/a><\/p>\n\n\n\n<p><span style=\"color: #cc99ff;\">Mit Sternenstaub und musikalischer Begleitung von<\/span>&nbsp;&nbsp;<a href=\"https:\/\/www.vivianamilioti.com\/\" target=\"_blank\" rel=\"noopener\">Viviana Milioti&nbsp;&nbsp;<\/a><\/p>\n\n\n<div class=\"wp-block-image\">\n<figure class=\"alignleft\"><img loading=\"lazy\" decoding=\"async\" width=\"188\" height=\"300\" src=\"https:\/\/ingos-buchseite.de\/wordpress\/wp-content\/uploads\/2023\/04\/Bacarella-kleine-Fruchthexe-188x300.jpg\" alt=\"\" class=\"wp-image-863\" srcset=\"https:\/\/ingos-buchseite.de\/wordpress\/wp-content\/uploads\/2023\/04\/Bacarella-kleine-Fruchthexe-188x300.jpg 188w, https:\/\/ingos-buchseite.de\/wordpress\/wp-content\/uploads\/2023\/04\/Bacarella-kleine-Fruchthexe.jpg 313w\" sizes=\"auto, (max-width: 188px) 100vw, 188px\" \/><\/figure>\n<\/div>\n\n\n<p class=\"has-medium-font-size\"><span style=\"color: #ff00ff;\"> So viele Entw\u00fcrfe hat Vanesina gemacht und dann will es einfach nicht mehr klappen. Petrolina hat auch viele Tr\u00e4nke gekocht und w\u00fcrde gern mal wieder aus der K\u00fcche rauskommen. Also beschlie\u00dfen die Schwestern in den Urlaub zu fliegen. \u00dcber den Schwarzwald hinweg der sonne entgegen. Aber dann kommt ein Unwetter auf und die zwei Hexen m\u00fcssen in einem unbekannten Tal notlanden.<\/span><br>\n<span style=\"color: #ff00ff;\">Sie m\u00fcssen in einem alten Gem\u00e4uer \u00fcbernachten, denn Petrolina ist zum Weiterfliegen zu krank. Vanesina versucht verzweifelt einen Hustentrank zu zaubern, aber das ist nicht ihre einzige Sorge, denn irgendwer scheint da des nachts in der Burg zu sein\u2026<\/span><br>\n<span style=\"color: #ff00ff;\">Aber schau, hier wird es vierfach &#8211;&gt;<\/span>&nbsp;<a href=\"https:\/\/www.amazon.de\/dp\/B094TG1QQN\/ref=sr_1_1?__mk_de_DE=%C3%85M%C3%85%C5%BD%C3%95%C3%91&amp;keywords=Bacarella+vierfach+fruchtet+besser&amp;qid=1621077700&amp;s=books&amp;sr=1-1\" target=\"_blank\" rel=\"noopener\">fruchtig&nbsp;&nbsp;<\/a><\/p>\n\n\n<div class=\"wp-block-image\">\n<figure class=\"alignright is-resized\"><img loading=\"lazy\" decoding=\"async\" width=\"188\" height=\"300\" src=\"https:\/\/ingos-buchseite.de\/wordpress\/wp-content\/uploads\/2023\/04\/Viviana-kleine-Gesanghexe-188x300.jpg\" alt=\"\" class=\"wp-image-864\" style=\"width:159px;height:auto\" srcset=\"https:\/\/ingos-buchseite.de\/wordpress\/wp-content\/uploads\/2023\/04\/Viviana-kleine-Gesanghexe-188x300.jpg 188w, https:\/\/ingos-buchseite.de\/wordpress\/wp-content\/uploads\/2023\/04\/Viviana-kleine-Gesanghexe.jpg 217w\" sizes=\"auto, (max-width: 188px) 100vw, 188px\" \/><\/figure>\n<\/div>\n\n\n<p class=\"has-medium-font-size\"><span style=\"color: #00ccff;\">Eine Reise in den S\u00fcden, die kann so lustig sein. So denken es sich die zwei jungen Hexen Petrolina und Vanesina. Sie fliegen auf ihren Besen nach Italien zu ihrer Freundin Viviana. Doch was so fr\u00f6hlich begann, wird bald zu einem Wettlauf mit der Zeit. Denn die kleinen Hexen m\u00fcssen schnell handeln, sonst wird nicht nur die kleine K\u00fcstenstadt im Gift ertrinken\u2026<\/span><\/p>\n\n\n\n<p class=\"has-medium-font-size\"><span style=\"color: #00ccff;\">Und hier wird f\u00fcnffach &#8211;&gt;<\/span> <a href=\"https:\/\/www.amazon.de\/dp\/B0B1MCRVP9\/ref=sr_1_1?__mk_de_DE=%C3%85M%C3%85%C5%BD%C3%95%C3%91&amp;crid=8U1JGIHGGJ3P&amp;keywords=Viviana+Petrolina&amp;qid=1653414491&amp;s=books&amp;sprefix=viviana+petrolina+%2Cstripbooks%2C104&amp;sr=1-1\" target=\"_blank\" rel=\"noopener\">getaucht<\/a><\/p>\n\n\n\n<p class=\"has-luminous-vivid-amber-color has-text-color has-link-color wp-elements-bc963d6f7fdd2c521350f4e82073ffe5\"><img loading=\"lazy\" decoding=\"async\" width=\"200\" height=\"320\" class=\"wp-image-954\" style=\"width: 200px;\" src=\"https:\/\/ingos-buchseite.de\/wordpress\/wp-content\/uploads\/2024\/03\/Samara-kleine-Hexe.jpg\" alt=\"\" srcset=\"https:\/\/ingos-buchseite.de\/wordpress\/wp-content\/uploads\/2024\/03\/Samara-kleine-Hexe.jpg 266w, https:\/\/ingos-buchseite.de\/wordpress\/wp-content\/uploads\/2024\/03\/Samara-kleine-Hexe-188x300.jpg 188w\" sizes=\"auto, (max-width: 200px) 100vw, 200px\" \/> <\/p>\n\n\n\n<p class=\"has-luminous-vivid-amber-color has-text-color has-link-color has-medium-font-size wp-elements-f85447be44c5eba290ea1e95f99de4fe\">Die Buchhexe Samara hat eine verzauberte Bibliothek geerbt. Mit Staub, Milben und widerwilligen B\u00fcchern, die nicht in ihren Regalen bleiben wollen und allem was dazugeh\u00f6rt.<br>Petrolina und Vanesina helfen ihr die verwahrloste Bibliothek zu ordnen.<br>Eine leichte und lustige Aufgabe. <br>Bis eine gl\u00e4serne Hand auftaucht und es pl\u00f6tzlich um viel mehr geht, als gestohlene B\u00fccher\u2026 <br>und hier geht&#8217;s in &#8212;&gt; <a href=\"https:\/\/www.amazon.de\/dp\/B0CY9BCN9M\/ref=tmm_pap_swatch_0?_encoding=UTF8&amp;dib_tag=se&amp;dib=eyJ2IjoiMSJ9.3KjXUwoacOkfayYfJO-QjJWwYfV5Uj9AV2L7C36RaQ_GJhD7wq4ForoC6PjkYi-cVgJ4nQ0-J5a9yge1ruT2O5Fkfvbd-5Oc_hsdxtHTdDF_nvvyL5X74nG0ARdoMFBM7MOWBXAdsY4brG2Nh-pRHYJ_hcDTt_bglHKLuxgbGEw.fe0vR1e7CdBGXBvtr3eh1HcYyYKPHIAlTdpKDw07l-w&amp;qid=1710685179&amp;sr=1-1\" target=\"_blank\" rel=\"noreferrer noopener\">Samaras Bibliothek<\/a><\/p>\n","protected":false},"excerpt":{"rendered":"<p>Petrolina ist eine richtige kleine Hexe, so mit Zauberstab und Besen, wie es sich geh\u00f6rt. Es gibt da nur einen kleinen, doppelten Unterschied; sie hat zwei Zauberst\u00e4be und zwei Besen. Sie ist eine Doppelhexe und lebt doppelt friedlich vor sich hin, bis ihre Freundinnen, die zwei Windhexen pl\u00f6tzlich spurlos verschwinden. Keiner wei\u00df wo die Zwillinge&#8230; <\/p>\n<div class=\"read-more navbutton\"><a href=\"https:\/\/ingos-buchseite.de\/?page_id=508\">Read More<i class=\"fa fa-angle-double-right\"><\/i><\/a><\/div>\n","protected":false},"author":3,"featured_media":0,"parent":28,"menu_order":0,"comment_status":"closed","ping_status":"closed","template":"","meta":{"footnotes":""},"class_list":["post-508","page","type-page","status-publish","hentry"],"_links":{"self":[{"href":"https:\/\/ingos-buchseite.de\/index.php?rest_route=\/wp\/v2\/pages\/508","targetHints":{"allow":["GET"]}}],"collection":[{"href":"https:\/\/ingos-buchseite.de\/index.php?rest_route=\/wp\/v2\/pages"}],"about":[{"href":"https:\/\/ingos-buchseite.de\/index.php?rest_route=\/wp\/v2\/types\/page"}],"author":[{"embeddable":true,"href":"https:\/\/ingos-buchseite.de\/index.php?rest_route=\/wp\/v2\/users\/3"}],"replies":[{"embeddable":true,"href":"https:\/\/ingos-buchseite.de\/index.php?rest_route=%2Fwp%2Fv2%2Fcomments&post=508"}],"version-history":[{"count":31,"href":"https:\/\/ingos-buchseite.de\/index.php?rest_route=\/wp\/v2\/pages\/508\/revisions"}],"predecessor-version":[{"id":1053,"href":"https:\/\/ingos-buchseite.de\/index.php?rest_route=\/wp\/v2\/pages\/508\/revisions\/1053"}],"up":[{"embeddable":true,"href":"https:\/\/ingos-buchseite.de\/index.php?rest_route=\/wp\/v2\/pages\/28"}],"wp:attachment":[{"href":"https:\/\/ingos-buchseite.de\/index.php?rest_route=%2Fwp%2Fv2%2Fmedia&parent=508"}],"curies":[{"name":"wp","href":"https:\/\/api.w.org\/{rel}","templated":true}]}}