{"id":40,"date":"2018-08-19T14:05:23","date_gmt":"2018-08-19T14:05:23","guid":{"rendered":"https:\/\/ingos-buchseite.de\/?page_id=40"},"modified":"2025-09-13T14:31:33","modified_gmt":"2025-09-13T14:31:33","slug":"krimis","status":"publish","type":"page","link":"https:\/\/ingos-buchseite.de\/?page_id=40","title":{"rendered":"Krimi"},"content":{"rendered":"<div class=\"wp-block-image\">\n<figure class=\"alignleft\"><img loading=\"lazy\" decoding=\"async\" width=\"188\" height=\"300\" src=\"https:\/\/ingos-buchseite.de\/wordpress\/wp-content\/uploads\/2023\/04\/Der-Traummann-188x300.jpg\" alt=\"\" class=\"wp-image-871\" srcset=\"https:\/\/ingos-buchseite.de\/wordpress\/wp-content\/uploads\/2023\/04\/Der-Traummann-188x300.jpg 188w, https:\/\/ingos-buchseite.de\/wordpress\/wp-content\/uploads\/2023\/04\/Der-Traummann.jpg 313w\" sizes=\"auto, (max-width: 188px) 100vw, 188px\" \/><\/figure>\n<\/div>\n\n\n<p class=\"has-medium-font-size\"><span style=\"color: #00ccff;\">F\u00fcnf Frauen lernen ihren Traummann kennen. <\/span><br><span style=\"color: #00ccff;\">Alle f\u00fcnf erleben wie es ist, sich verstanden zu f\u00fchlen und wagen den Neuanfang in ihren Traum.<br><br>Doch manchmal k\u00f6nnen ein kleiner Ring, eine verkehrte Mahlzeit und ein einziger falscher Anruf alles \u00e4ndern und eben noch so bunte Tr\u00e4umereien k\u00f6nnen zu Albtr\u00e4umen werden.<br><br>Pl\u00f6tzlich stellt sich allen die Frage; Wer ist der Mann an ihrer Seite wirklich?<\/span><\/p>\n\n\n\n<p class=\"has-medium-font-size\"><span style=\"color: #00ccff;\">Hier wird er sichtbar &#8212;><\/span>\u00a0<a href=\"https:\/\/www.amazon.de\/Traummann-Ingo-Litschka\/dp\/154055516X\/ref=pd_sim_3?_encoding=UTF8&amp;pd_rd_i=154055516X&amp;pd_rd_r=4903e465-bd82-11e8-abb7-293e8b9579b4&amp;pd_rd_w=1GvOB&amp;pd_rd_wg=ZhHjH&amp;pf_rd_i=desktop-dp-sims&amp;pf_rd_m=A3JWKAKR8XB7XF&amp;pf_rd_p=a1f1e800-ed31-44e7-8f29-5b327ba0187a&amp;pf_rd_r=Z28CX92G1748ZEAH93M9&amp;pf_rd_s=desktop-dp-sims&amp;pf_rd_t=40701&amp;psc=1&amp;refRID=Z28CX92G1748ZEAH93M9\" target=\"_blank\" rel=\"noopener noreferrer\">Der Traummann<\/a><\/p>\n","protected":false},"excerpt":{"rendered":"<p>F\u00fcnf Frauen lernen ihren Traummann kennen. Alle f\u00fcnf erleben wie es ist, sich verstanden zu f\u00fchlen und wagen den Neuanfang in ihren Traum.Doch manchmal k\u00f6nnen ein kleiner Ring, eine verkehrte Mahlzeit und ein einziger falscher Anruf alles \u00e4ndern und eben noch so bunte Tr\u00e4umereien k\u00f6nnen zu Albtr\u00e4umen werden.Pl\u00f6tzlich stellt sich allen die Frage; Wer ist&#8230; <\/p>\n<div class=\"read-more navbutton\"><a href=\"https:\/\/ingos-buchseite.de\/?page_id=40\">Read More<i class=\"fa fa-angle-double-right\"><\/i><\/a><\/div>\n","protected":false},"author":1,"featured_media":0,"parent":28,"menu_order":0,"comment_status":"closed","ping_status":"closed","template":"","meta":{"footnotes":""},"class_list":["post-40","page","type-page","status-publish","hentry"],"_links":{"self":[{"href":"https:\/\/ingos-buchseite.de\/index.php?rest_route=\/wp\/v2\/pages\/40","targetHints":{"allow":["GET"]}}],"collection":[{"href":"https:\/\/ingos-buchseite.de\/index.php?rest_route=\/wp\/v2\/pages"}],"about":[{"href":"https:\/\/ingos-buchseite.de\/index.php?rest_route=\/wp\/v2\/types\/page"}],"author":[{"embeddable":true,"href":"https:\/\/ingos-buchseite.de\/index.php?rest_route=\/wp\/v2\/users\/1"}],"replies":[{"embeddable":true,"href":"https:\/\/ingos-buchseite.de\/index.php?rest_route=%2Fwp%2Fv2%2Fcomments&post=40"}],"version-history":[{"count":10,"href":"https:\/\/ingos-buchseite.de\/index.php?rest_route=\/wp\/v2\/pages\/40\/revisions"}],"predecessor-version":[{"id":1063,"href":"https:\/\/ingos-buchseite.de\/index.php?rest_route=\/wp\/v2\/pages\/40\/revisions\/1063"}],"up":[{"embeddable":true,"href":"https:\/\/ingos-buchseite.de\/index.php?rest_route=\/wp\/v2\/pages\/28"}],"wp:attachment":[{"href":"https:\/\/ingos-buchseite.de\/index.php?rest_route=%2Fwp%2Fv2%2Fmedia&parent=40"}],"curies":[{"name":"wp","href":"https:\/\/api.w.org\/{rel}","templated":true}]}}