{"id":38,"date":"2018-08-19T14:05:04","date_gmt":"2018-08-19T14:05:04","guid":{"rendered":"https:\/\/ingos-buchseite.de\/?page_id=38"},"modified":"2025-09-11T16:30:43","modified_gmt":"2025-09-11T16:30:43","slug":"short-stories","status":"publish","type":"page","link":"https:\/\/ingos-buchseite.de\/?page_id=38","title":{"rendered":"Short Stories"},"content":{"rendered":"<div class=\"wp-block-image\">\n<figure class=\"alignleft\"><img loading=\"lazy\" decoding=\"async\" width=\"188\" height=\"300\" src=\"https:\/\/ingos-buchseite.de\/wordpress\/wp-content\/uploads\/2023\/04\/Schau-mich-an-188x300.jpg\" alt=\"\" class=\"wp-image-887\" srcset=\"https:\/\/ingos-buchseite.de\/wordpress\/wp-content\/uploads\/2023\/04\/Schau-mich-an-188x300.jpg 188w, https:\/\/ingos-buchseite.de\/wordpress\/wp-content\/uploads\/2023\/04\/Schau-mich-an.jpg 313w\" sizes=\"auto, (max-width: 188px) 100vw, 188px\" \/><\/figure>\n<\/div>\n\n\n<p class=\"has-medium-font-size\"><span style=\"color: #ff9900;\">&#8222;Aber du bist doch nur ein Spiegel, du musst mich zeigen, du kannst mir gar nicht antworten!&#8220; &#8222;Kann ich das nicht? Mit wem redest du dann die ganze Zeit?&#8220; &#8222;Ich rede nicht, das bist doch du!&#8220; Das Spiegelbild lachte schallend auf , wanderte aus dem Rahmen in die spiegelnde Fl\u00e4che des Badezimmerfensters und verschwand von dort, um im gl\u00e4sernen Wohnzimmertisch wieder aufzutauchen. Der Spiegel vor Andrea war leer&#8230;<\/span><\/p>\n\n\n\n<p class=\"has-medium-font-size\">Hier kann man mehr lesen &#8212;&gt;&nbsp;<a href=\"https:\/\/www.amazon.de\/Schau-mich-schwarze-Gedanken-Band\/dp\/1530731976\/ref=sr_1_2?s=books&amp;ie=UTF8&amp;qid=1537523816&amp;sr=1-2&amp;keywords=ingo+litschka+schwarze+Gedanken\" target=\"_blank\" rel=\"noopener\">Schau mich an <\/a><\/p>\n\n\n<div class=\"wp-block-image\">\n<figure class=\"alignright\"><img loading=\"lazy\" decoding=\"async\" width=\"188\" height=\"300\" src=\"https:\/\/ingos-buchseite.de\/wordpress\/wp-content\/uploads\/2023\/04\/Mach-nicht-auf-188x300.jpg\" alt=\"\" class=\"wp-image-888\" srcset=\"https:\/\/ingos-buchseite.de\/wordpress\/wp-content\/uploads\/2023\/04\/Mach-nicht-auf-188x300.jpg 188w, https:\/\/ingos-buchseite.de\/wordpress\/wp-content\/uploads\/2023\/04\/Mach-nicht-auf.jpg 313w\" sizes=\"auto, (max-width: 188px) 100vw, 188px\" \/><\/figure>\n<\/div>\n\n\n<p><\/p>\n\n\n\n<p class=\"has-medium-font-size\"><span style=\"color: #00ff00;\">\u201eHallo ist da jemand?\u201c Seine zitternde Stimme verhallte an den W\u00e4nden des Hofes. Keine Antwort. Alles blieb still, nichts r\u00fchrte sich, nicht einmal der Wind kam hier herein. Aber jetzt hatte Jean-Pierre es doch eilig, das wurde ihm zu unheimlich hier und er wollte auch nicht lange bleiben, nur die Pl\u00e4ne zum neuen, zum besten Schloss das Didier hatte, die wollte er haben. Er musste es einfach aufkriegen, die Sch\u00e4tze in der Werkstatt waren rechtm\u00e4\u00dfig sein, wenn er das Schloss knackt. Da h\u00f6rte er hinter sich das Ger\u00e4usch&#8230;<\/span><\/p>\n\n\n\n<p class=\"has-medium-font-size\">Hier kann man mehr lesen &#8212;&gt;&nbsp;<a href=\"https:\/\/www.amazon.de\/Mach-nicht-schwarze-Gedanken-Band\/dp\/1530801540\/ref=tmm_pap_swatch_0?_encoding=UTF8&amp;qid=1537523816&amp;sr=1-3\" target=\"_blank\" rel=\"noopener\">Mach nicht auf<\/a><\/p>\n\n\n\n<p><\/p>\n\n\n<div class=\"wp-block-image\">\n<figure class=\"alignleft\"><img loading=\"lazy\" decoding=\"async\" width=\"188\" height=\"300\" src=\"https:\/\/ingos-buchseite.de\/wordpress\/wp-content\/uploads\/2023\/04\/Lass-mich-frei-188x300.jpg\" alt=\"\" class=\"wp-image-890\" srcset=\"https:\/\/ingos-buchseite.de\/wordpress\/wp-content\/uploads\/2023\/04\/Lass-mich-frei-188x300.jpg 188w, https:\/\/ingos-buchseite.de\/wordpress\/wp-content\/uploads\/2023\/04\/Lass-mich-frei.jpg 313w\" sizes=\"auto, (max-width: 188px) 100vw, 188px\" \/><\/figure>\n<\/div>\n\n\n<p class=\"has-medium-font-size\"><span style=\"color: #3366ff;\">&#8222;&#8230;Als ich aufsah fuhr ich f\u00fcrchterlich zusammen, weil da jemand, wie aus dem Boden gewachsen, vor mir stand. Ich musste zweimal hinschauen, doch im Halbschatten leicht au\u00dferhalb des Kerzenscheins war pl\u00f6tzlich jemand und diesmal war es kein Trugbild. <\/span><br><span style=\"color: #3366ff;\">\u201eHimmel, wo kommen Sie denn her?&#8220; <\/span><br><span style=\"color: #3366ff;\">Meine Frage verklang ungeh\u00f6rt, das Wesen stand einfach nur da. <\/span><br><span style=\"color: #3366ff;\">\u201eWer sind Sie?&#8220; <\/span><br><span style=\"color: #3366ff;\">Statt einer Antwort trat das Wesen ein paar Schritte vor. Oder schwebte sie? Ich kann es nicht mehr sagen&#8230;&#8220; Der Preis ist hier egal, sie will nur eins, frei sein&#8230; l\u00e4sst du sie frei?<\/span><\/p>\n\n\n\n<p class=\"has-medium-font-size\">Hier kann man mehr lesen &#8212;&gt;&nbsp;<a href=\"https:\/\/www.amazon.de\/Lass-mich-frei-schwarze-Gedanken\/dp\/1530934656\/ref=sr_1_1?s=books&amp;ie=UTF8&amp;qid=1537523816&amp;sr=1-1&amp;keywords=ingo+litschka+schwarze+Gedanken\" target=\"_blank\" rel=\"noopener\">Lass mich frei<\/a><\/p>\n","protected":false},"excerpt":{"rendered":"<p>&#8222;Aber du bist doch nur ein Spiegel, du musst mich zeigen, du kannst mir gar nicht antworten!&#8220; &#8222;Kann ich das nicht? Mit wem redest du dann die ganze Zeit?&#8220; &#8222;Ich rede nicht, das bist doch du!&#8220; Das Spiegelbild lachte schallend auf , wanderte aus dem Rahmen in die spiegelnde Fl\u00e4che des Badezimmerfensters und verschwand von&#8230; <\/p>\n<div class=\"read-more navbutton\"><a href=\"https:\/\/ingos-buchseite.de\/?page_id=38\">Read More<i class=\"fa fa-angle-double-right\"><\/i><\/a><\/div>\n","protected":false},"author":1,"featured_media":0,"parent":28,"menu_order":0,"comment_status":"closed","ping_status":"closed","template":"","meta":{"footnotes":""},"class_list":["post-38","page","type-page","status-publish","hentry"],"_links":{"self":[{"href":"https:\/\/ingos-buchseite.de\/index.php?rest_route=\/wp\/v2\/pages\/38","targetHints":{"allow":["GET"]}}],"collection":[{"href":"https:\/\/ingos-buchseite.de\/index.php?rest_route=\/wp\/v2\/pages"}],"about":[{"href":"https:\/\/ingos-buchseite.de\/index.php?rest_route=\/wp\/v2\/types\/page"}],"author":[{"embeddable":true,"href":"https:\/\/ingos-buchseite.de\/index.php?rest_route=\/wp\/v2\/users\/1"}],"replies":[{"embeddable":true,"href":"https:\/\/ingos-buchseite.de\/index.php?rest_route=%2Fwp%2Fv2%2Fcomments&post=38"}],"version-history":[{"count":7,"href":"https:\/\/ingos-buchseite.de\/index.php?rest_route=\/wp\/v2\/pages\/38\/revisions"}],"predecessor-version":[{"id":1060,"href":"https:\/\/ingos-buchseite.de\/index.php?rest_route=\/wp\/v2\/pages\/38\/revisions\/1060"}],"up":[{"embeddable":true,"href":"https:\/\/ingos-buchseite.de\/index.php?rest_route=\/wp\/v2\/pages\/28"}],"wp:attachment":[{"href":"https:\/\/ingos-buchseite.de\/index.php?rest_route=%2Fwp%2Fv2%2Fmedia&parent=38"}],"curies":[{"name":"wp","href":"https:\/\/api.w.org\/{rel}","templated":true}]}}