{"id":36,"date":"2018-08-19T14:04:33","date_gmt":"2018-08-19T14:04:33","guid":{"rendered":"https:\/\/ingos-buchseite.de\/?page_id=36"},"modified":"2025-09-09T17:11:52","modified_gmt":"2025-09-09T17:11:52","slug":"gil-kayn-serie","status":"publish","type":"page","link":"https:\/\/ingos-buchseite.de\/?page_id=36","title":{"rendered":"Gil Kayn Serie"},"content":{"rendered":"<div class=\"wp-block-image\">\n<figure class=\"aligncenter\"><img loading=\"lazy\" decoding=\"async\" width=\"188\" height=\"300\" src=\"https:\/\/ingos-buchseite.de\/wordpress\/wp-content\/uploads\/2023\/04\/Blutiges-Gold-Gil-Kayn-Serie-188x300.jpg\" alt=\"\" class=\"wp-image-846\" srcset=\"https:\/\/ingos-buchseite.de\/wordpress\/wp-content\/uploads\/2023\/04\/Blutiges-Gold-Gil-Kayn-Serie-188x300.jpg 188w, https:\/\/ingos-buchseite.de\/wordpress\/wp-content\/uploads\/2023\/04\/Blutiges-Gold-Gil-Kayn-Serie.jpg 313w\" sizes=\"auto, (max-width: 188px) 100vw, 188px\" \/><\/figure>\n<\/div>\n\n\n<p><\/p>\n\n\n\n<p class=\"has-medium-font-size\">Band 3<\/p>\n\n\n\n<p class=\"has-medium-font-size\">10 Jahre vor dem dunklen Schwarm&#8230; Grevina will nur ihre Nichte besuchen und erlebt eine b\u00f6se \u00dcberraschung. Sarah ist spurlos verschwunden und niemand scheint sich daf\u00fcr zu interessieren. Die seltsame Internatsleiterin scheint sich nur f\u00fcr Arrangements und ihre unheimlichen Puppen zu leben. So fragt Grevina bei Gil Kayn um Hilfe&#8230; ein Rennen gegen die Zeit beginnt und pl\u00f6tzlich geht es um weit mehr als um Sarahs Leben. Denn die Puppenaugen verfolgen alle ihre Schritte&#8230;<\/p>\n\n\n\n<p class=\"has-medium-font-size\">hier kann man mehr lesen&#8211;&gt;&nbsp;<a href=\"https:\/\/www.amazon.de\/Blutiges-Gold-Kayn-Serie-Band\/dp\/1983465496\/ref=sr_1_1?s=books&amp;ie=UTF8&amp;qid=1537216885&amp;sr=1-1&amp;keywords=ingo+litschka+Gil+Kayn+Serie\" target=\"_blank\" rel=\"noopener noreferrer\">Blutiges Gold<\/a><\/p>\n\n\n<div class=\"wp-block-image\">\n<figure class=\"aligncenter\"><img loading=\"lazy\" decoding=\"async\" width=\"188\" height=\"300\" src=\"https:\/\/ingos-buchseite.de\/wordpress\/wp-content\/uploads\/2023\/04\/die-roten-Moenche-Gil-Kayn-Serie-188x300.jpg\" alt=\"\" class=\"wp-image-847\" srcset=\"https:\/\/ingos-buchseite.de\/wordpress\/wp-content\/uploads\/2023\/04\/die-roten-Moenche-Gil-Kayn-Serie-188x300.jpg 188w, https:\/\/ingos-buchseite.de\/wordpress\/wp-content\/uploads\/2023\/04\/die-roten-Moenche-Gil-Kayn-Serie.jpg 313w\" sizes=\"auto, (max-width: 188px) 100vw, 188px\" \/><\/figure>\n<\/div>\n\n\n<p> Band 4<\/p>\n\n\n\n<p class=\"has-medium-font-size\">Als Lady Grevina ihn bittet ihre Freundin zu besch\u00fctzen nimmt Gil Kayn den Auftrag widerwillig an und findet sich in einem Karussell wieder, in dem Freunde schweigen, ehemalige Kollegen ihn verfolgen und ein M\u00f6rder Schattenw\u00e4chter t\u00f6tet, die Gil \u00e4hneln. Ausgerechnet der ber\u00fcchtigte Baron von Heim und der ehrw\u00fcrdige Abt der roten M\u00f6nche bieten ihm Hilfe an. Doch wem kann er trauen?<\/p>\n\n\n\n<p class=\"has-medium-font-size\">Hier kann man mehr lesen &#8212;&gt;&nbsp;<a href=\"https:\/\/www.amazon.de\/dp\/1790612071\/ref=sr_1_5?s=books&amp;ie=UTF8&amp;qid=1543987091&amp;sr=1-5&amp;keywords=ingo+litschka+Gil+Kayn+Serie\" target=\"_blank\" rel=\"noopener noreferrer\">die roten M\u00f6nche&nbsp;<\/a><\/p>\n\n\n<div class=\"wp-block-image\">\n<figure class=\"aligncenter\"><img loading=\"lazy\" decoding=\"async\" width=\"188\" height=\"300\" src=\"https:\/\/ingos-buchseite.de\/wordpress\/wp-content\/uploads\/2023\/04\/Lachendes-Gift-Gil-Kayn-Serie-188x300.jpg\" alt=\"\" class=\"wp-image-849\" srcset=\"https:\/\/ingos-buchseite.de\/wordpress\/wp-content\/uploads\/2023\/04\/Lachendes-Gift-Gil-Kayn-Serie-188x300.jpg 188w, https:\/\/ingos-buchseite.de\/wordpress\/wp-content\/uploads\/2023\/04\/Lachendes-Gift-Gil-Kayn-Serie.jpg 313w\" sizes=\"auto, (max-width: 188px) 100vw, 188px\" \/><\/figure>\n<\/div>\n\n\n<p>Band 5<\/p>\n\n\n\n<p class=\"has-medium-font-size\">Wenn es still wird im Park&#8230;Gil wird \u00fcberraschend Zeuge eines \u00dcberfalles und tut das, was er am besten kann, sich einmischen. Die zwei Damen sind f\u00fcr seine Hilfe dankbar und schon hat er einen neuen Auftrag. Ab diesem Moment gleicht sein Leben einer Achterbahnfahrt, bei der jeder Wagen bei jeder Kurve aus dem Gleis st\u00fcrzen kann. Doch da ist noch etwas anderes, eine Gefahr, die sich nicht greifen l\u00e4sst. Er kann sie nur f\u00fchlen, wie sie n\u00e4herkommt, wenn es still wird im Park und das Lachen erstirbt&#8230;<\/p>\n\n\n\n<p class=\"has-medium-font-size\">Hier kann man mehr lesen &#8211;&gt;&nbsp;<a href=\"https:\/\/www.amazon.de\/dp\/1671659562\/ref=sr_1_1?__mk_de_DE=%C3%85M%C3%85%C5%BD%C3%95%C3%91&amp;keywords=Gil+Kayn+Serie&amp;qid=1575565991&amp;s=books&amp;sr=1-1\" target=\"_blank\" rel=\"noopener noreferrer\">Lachendes Gift<\/a><\/p>\n\n\n\n<div class=\"wp-block-columns are-vertically-aligned-center is-layout-flex wp-container-core-columns-is-layout-9d6595d7 wp-block-columns-is-layout-flex\">\n<div class=\"wp-block-column is-vertically-aligned-center is-layout-flow wp-block-column-is-layout-flow\" style=\"flex-basis:30%\"><div class=\"wp-block-image\">\n<figure class=\"aligncenter\"><img loading=\"lazy\" decoding=\"async\" width=\"188\" height=\"300\" src=\"https:\/\/ingos-buchseite.de\/wordpress\/wp-content\/uploads\/2023\/04\/der-dunkle-Schwarm-Gil-Kayn-Serie-188x300.jpg\" alt=\"\" class=\"wp-image-851\" srcset=\"https:\/\/ingos-buchseite.de\/wordpress\/wp-content\/uploads\/2023\/04\/der-dunkle-Schwarm-Gil-Kayn-Serie-188x300.jpg 188w, https:\/\/ingos-buchseite.de\/wordpress\/wp-content\/uploads\/2023\/04\/der-dunkle-Schwarm-Gil-Kayn-Serie.jpg 313w\" sizes=\"auto, (max-width: 188px) 100vw, 188px\" \/><\/figure>\n<\/div><\/div>\n<\/div>\n\n\n\n<p>Band 7<\/p>\n\n\n\n<p class=\"has-medium-font-size\">Ein London der 1880er, doch es ist ein anderes als das aus unseren Geschichtsb\u00fcchern. Es ist ein London mit Luftschiffen , Fahrzeugen und Wesen, die bei uns nicht im Lehrbuch stehen. Ein London im Fieber der technischen Erfindungen. Als Gil Kayn den Auftrag erh\u00e4lt auf eine Modistin aufzupassen nimmt er mit einem Schulterzucken an. Doch was wie ein bezahlter Sommerurlaub beginnt bringt ihn bald an seine Grenzen. Denn diese Frau hat ein ganz besonderes Talent sich selbst in Gefahr zu bringen. Doch das ist nicht alles. Zwei kalte, hungrige Augen verfolgen das ungleiche Paar und der Schwarm erwacht&#8230;<\/p>\n\n\n\n<p class=\"has-medium-font-size\">hier gibt es mehr zu lesen&#8212;&gt;&nbsp;<a href=\"https:\/\/www.amazon.de\/Dunkler-Schwarm-Gil-Kayn-Serie\/dp\/1532832311\/ref=sr_1_1?s=books&amp;ie=UTF8&amp;qid=1537521171&amp;sr=1-1&amp;keywords=ingo+litschka+Gil+Kayn+Serie\" target=\"_blank\" rel=\"noopener noreferrer\">der Dunkle Schwarm<\/a><\/p>\n\n\n\n<div class=\"wp-block-columns is-layout-flex wp-container-core-columns-is-layout-9d6595d7 wp-block-columns-is-layout-flex\">\n<div class=\"wp-block-column is-layout-flow wp-block-column-is-layout-flow\" style=\"flex-basis:100%\">\n<div class=\"wp-block-columns is-layout-flex wp-container-core-columns-is-layout-9d6595d7 wp-block-columns-is-layout-flex\">\n<div class=\"wp-block-column is-layout-flow wp-block-column-is-layout-flow\" style=\"flex-basis:33.33%\">\n<figure class=\"wp-block-gallery aligncenter has-nested-images columns-default is-cropped wp-block-gallery-1 is-layout-flex wp-block-gallery-is-layout-flex\">\n<figure class=\"wp-block-image size-large\"><img loading=\"lazy\" decoding=\"async\" width=\"313\" height=\"500\" data-id=\"852\" src=\"https:\/\/ingos-buchseite.de\/wordpress\/wp-content\/uploads\/2023\/04\/brennende-Wolken-Gil-Kayn-serie-1.jpg\" alt=\"\" class=\"wp-image-852\" srcset=\"https:\/\/ingos-buchseite.de\/wordpress\/wp-content\/uploads\/2023\/04\/brennende-Wolken-Gil-Kayn-serie-1.jpg 313w, https:\/\/ingos-buchseite.de\/wordpress\/wp-content\/uploads\/2023\/04\/brennende-Wolken-Gil-Kayn-serie-1-188x300.jpg 188w\" sizes=\"auto, (max-width: 313px) 100vw, 313px\" \/><\/figure>\n<\/figure>\n<\/div>\n\n\n\n<div class=\"wp-block-column is-layout-flow wp-block-column-is-layout-flow\" style=\"flex-basis:33.33%\"><\/div>\n\n\n\n<div class=\"wp-block-column is-layout-flow wp-block-column-is-layout-flow\" style=\"flex-basis:33.33%\"><\/div>\n<\/div>\n<\/div>\n<\/div>\n\n\n\n<p>Band 8<\/p>\n\n\n\n<p class=\"has-medium-font-size\">Gil Kayn ist zur\u00fcck. Doch das Leben hat sich ver\u00e4ndert. Die Schlagzeilen der Londoner Zeitungen sind voll von Bombenanschl\u00e4gen und mysteri\u00f6sen Todesf\u00e4llen bei denen viele seiner einstigen Kollegen ihr Leben lassen. Doch diesmal h\u00e4lt er sich aus allem heraus, die Zeit bei den Schatten ist f\u00fcr ihn vorbei&#8230; Da erreicht ihn ein Hilferuf und er muss ausgerechnet das Leben der Frau retten, von der er nie wieder zu h\u00f6ren glaubte. Als Gil Kayn eingreift ahnt er nicht, dass ihn seine eigene d\u00fcstere Vergangenheit endlich eingeholt hat und auch die Wolken keine Zuflucht bieten&#8230;<\/p>\n\n\n\n<p class=\"has-medium-font-size\">hier kann man mehr lesen &#8212;&gt;&nbsp;<a href=\"https:\/\/www.amazon.de\/Brennende-Wolken-Kayn-Serie-Band\/dp\/1536992720\/ref=pd_sim_2?_encoding=UTF8&amp;pd_rd_i=1536992720&amp;pd_rd_r=880bbe43-bd7e-11e8-a0fb-1fb7d17320f9&amp;pd_rd_w=GLWfG&amp;pd_rd_wg=KZHdT&amp;pf_rd_i=desktop-dp-sims&amp;pf_rd_m=A3JWKAKR8XB7XF&amp;pf_rd_p=a1f1e800-ed31-44e7-8f29-5b327ba0187a&amp;pf_rd_r=7A0TJWJ4KV06PB1CP1DB&amp;pf_rd_s=desktop-dp-sims&amp;pf_rd_t=40701&amp;psc=1&amp;refRID=7A0TJWJ4KV06PB1CP1DB\" target=\"_blank\" rel=\"noopener noreferrer\">Brennende Wolken<\/a><\/p>\n\n\n\n<div class=\"wp-block-columns are-vertically-aligned-center is-layout-flex wp-container-core-columns-is-layout-9d6595d7 wp-block-columns-is-layout-flex\">\n<div class=\"wp-block-column is-vertically-aligned-center is-layout-flow wp-block-column-is-layout-flow\" style=\"flex-basis:33.34%\"><div class=\"wp-block-image\">\n<figure class=\"aligncenter\"><img loading=\"lazy\" decoding=\"async\" width=\"188\" height=\"300\" src=\"https:\/\/ingos-buchseite.de\/wordpress\/wp-content\/uploads\/2023\/04\/schwarzer-Nebel-Gil-Kayn-Serie-188x300.jpg\" alt=\"\" class=\"wp-image-853\" srcset=\"https:\/\/ingos-buchseite.de\/wordpress\/wp-content\/uploads\/2023\/04\/schwarzer-Nebel-Gil-Kayn-Serie-188x300.jpg 188w, https:\/\/ingos-buchseite.de\/wordpress\/wp-content\/uploads\/2023\/04\/schwarzer-Nebel-Gil-Kayn-Serie.jpg 313w\" sizes=\"auto, (max-width: 188px) 100vw, 188px\" \/><\/figure>\n<\/div><\/div>\n\n\n\n<div class=\"wp-block-column is-vertically-aligned-center is-layout-flow wp-block-column-is-layout-flow\" style=\"flex-basis:33.34%\"><\/div>\n\n\n\n<div class=\"wp-block-column is-vertically-aligned-center is-layout-flow wp-block-column-is-layout-flow\" style=\"flex-basis:33.33%\"><\/div>\n<\/div>\n\n\n\n<p>Band 9<\/p>\n\n\n\n<p class=\"has-medium-font-size\">Es ist sein erster eigener Auftrag. Misha soll blo\u00df eine etwas \u00fcberdrehte Modistin besch\u00fctzen, also keine gro\u00dfe Sache. So etwas hat er in seiner Ausbildung zwar gelernt aber es ist g\u00e4hnend langweilig. Nichts passiert hier. Bis Desiree auf das Angebot dieses zwielichtigen Barons eingeht, dessen Auftrag annimmt sein neu erworbenes Haus bewohnbar zu machen. Pl\u00f6tzlich kommt es zu seltsamen Zwischenf\u00e4llen und der Londoner Nebel wird m\u00f6rderisch. Bald wird klar; Sein erster Auftrag k\u00f6nnte auch sein letzter sein und Gil Kayn ist nicht mehr da ihm zu helfen.<\/p>\n\n\n\n<p>hier kann man mehr lesen &#8212;&gt;&nbsp;<a href=\"https:\/\/www.amazon.de\/Schwarzer-Nebel-Kayn-Serie-Band\/dp\/1545497982\/ref=pd_bxgy_14_img_3?_encoding=UTF8&amp;pd_rd_i=1545497982&amp;pd_rd_r=c7d3b767-bd7e-11e8-abb7-293e8b9579b4&amp;pd_rd_w=x49t2&amp;pd_rd_wg=rFsxr&amp;pf_rd_i=desktop-dp-sims&amp;pf_rd_m=A3JWKAKR8XB7XF&amp;pf_rd_p=132d04bd-65e5-406f-a3b5-065387ba385f&amp;pf_rd_r=WECZ419AKDFC6A0TTF5F&amp;pf_rd_s=desktop-dp-sims&amp;pf_rd_t=40701&amp;psc=1&amp;refRID=WECZ419AKDFC6A0TTF5F\" target=\"_blank\" rel=\"noopener noreferrer\">Schwarzer Nebel&nbsp;<\/a><\/p>\n","protected":false},"excerpt":{"rendered":"<p>Band 3 10 Jahre vor dem dunklen Schwarm&#8230; Grevina will nur ihre Nichte besuchen und erlebt eine b\u00f6se \u00dcberraschung. Sarah ist spurlos verschwunden und niemand scheint sich daf\u00fcr zu interessieren. Die seltsame Internatsleiterin scheint sich nur f\u00fcr Arrangements und ihre unheimlichen Puppen zu leben. So fragt Grevina bei Gil Kayn um Hilfe&#8230; ein Rennen gegen&#8230; <\/p>\n<div class=\"read-more navbutton\"><a href=\"https:\/\/ingos-buchseite.de\/?page_id=36\">Read More<i class=\"fa fa-angle-double-right\"><\/i><\/a><\/div>\n","protected":false},"author":1,"featured_media":0,"parent":28,"menu_order":0,"comment_status":"closed","ping_status":"closed","template":"","meta":{"footnotes":""},"class_list":["post-36","page","type-page","status-publish","hentry"],"_links":{"self":[{"href":"https:\/\/ingos-buchseite.de\/index.php?rest_route=\/wp\/v2\/pages\/36","targetHints":{"allow":["GET"]}}],"collection":[{"href":"https:\/\/ingos-buchseite.de\/index.php?rest_route=\/wp\/v2\/pages"}],"about":[{"href":"https:\/\/ingos-buchseite.de\/index.php?rest_route=\/wp\/v2\/types\/page"}],"author":[{"embeddable":true,"href":"https:\/\/ingos-buchseite.de\/index.php?rest_route=\/wp\/v2\/users\/1"}],"replies":[{"embeddable":true,"href":"https:\/\/ingos-buchseite.de\/index.php?rest_route=%2Fwp%2Fv2%2Fcomments&post=36"}],"version-history":[{"count":36,"href":"https:\/\/ingos-buchseite.de\/index.php?rest_route=\/wp\/v2\/pages\/36\/revisions"}],"predecessor-version":[{"id":1042,"href":"https:\/\/ingos-buchseite.de\/index.php?rest_route=\/wp\/v2\/pages\/36\/revisions\/1042"}],"up":[{"embeddable":true,"href":"https:\/\/ingos-buchseite.de\/index.php?rest_route=\/wp\/v2\/pages\/28"}],"wp:attachment":[{"href":"https:\/\/ingos-buchseite.de\/index.php?rest_route=%2Fwp%2Fv2%2Fmedia&parent=36"}],"curies":[{"name":"wp","href":"https:\/\/api.w.org\/{rel}","templated":true}]}}