{"id":294,"date":"2019-12-07T14:24:50","date_gmt":"2019-12-07T14:24:50","guid":{"rendered":"https:\/\/ingos-buchseite.de\/?page_id=294"},"modified":"2025-09-11T16:28:09","modified_gmt":"2025-09-11T16:28:09","slug":"die-isabeau-sage","status":"publish","type":"page","link":"https:\/\/ingos-buchseite.de\/?page_id=294","title":{"rendered":"Spiegelherz Sage"},"content":{"rendered":"\n<figure class=\"wp-block-image\"><img loading=\"lazy\" decoding=\"async\" width=\"1024\" height=\"640\" src=\"https:\/\/ingos-buchseite.de\/wordpress\/wp-content\/uploads\/2019\/12\/DSCF8945-1024x640.jpg\" alt=\"\" class=\"wp-image-315\" srcset=\"https:\/\/ingos-buchseite.de\/wordpress\/wp-content\/uploads\/2019\/12\/DSCF8945-1024x640.jpg 1024w, https:\/\/ingos-buchseite.de\/wordpress\/wp-content\/uploads\/2019\/12\/DSCF8945-300x187.jpg 300w, https:\/\/ingos-buchseite.de\/wordpress\/wp-content\/uploads\/2019\/12\/DSCF8945-768x480.jpg 768w, https:\/\/ingos-buchseite.de\/wordpress\/wp-content\/uploads\/2019\/12\/DSCF8945-1536x959.jpg 1536w, https:\/\/ingos-buchseite.de\/wordpress\/wp-content\/uploads\/2019\/12\/DSCF8945-2048x1279.jpg 2048w\" sizes=\"auto, (max-width: 1024px) 100vw, 1024px\" \/><\/figure>\n\n\n\n<p><\/p>\n\n\n\n<p class=\"has-medium-font-size\">Noch ist es still bei den Gebr\u00fcdern Reiter. Ihr strebsames Leben in der kleinen, aufstrebenden Stadt am Rande des Schwarzwaldes ist \u00fcberschaubar..<\/p>\n\n\n\n<p class=\"has-medium-font-size\"><br> <img loading=\"lazy\" decoding=\"async\" width=\"300\" height=\"222\" class=\"alignnone size-medium wp-image-345\" src=\"https:\/\/ingos-buchseite.de\/wordpress\/wp-content\/uploads\/2020\/02\/DSCF8956-300x222.jpg\" alt=\"\" srcset=\"https:\/\/ingos-buchseite.de\/wordpress\/wp-content\/uploads\/2020\/02\/DSCF8956-300x222.jpg 300w, https:\/\/ingos-buchseite.de\/wordpress\/wp-content\/uploads\/2020\/02\/DSCF8956-1024x756.jpg 1024w, https:\/\/ingos-buchseite.de\/wordpress\/wp-content\/uploads\/2020\/02\/DSCF8956-768x567.jpg 768w, https:\/\/ingos-buchseite.de\/wordpress\/wp-content\/uploads\/2020\/02\/DSCF8956-1536x1135.jpg 1536w, https:\/\/ingos-buchseite.de\/wordpress\/wp-content\/uploads\/2020\/02\/DSCF8956-2048x1513.jpg 2048w\" sizes=\"auto, (max-width: 300px) 100vw, 300px\" \/><br> <\/p>\n\n\n\n<p class=\"has-medium-font-size\">Noch folgt der Alltag am Brett der Goldschmiede dem Rhythmus des Goldes. Die Abende geh\u00f6ren den gesitteten Vortr\u00e4gen, dem Schoppen in den Wirtsh\u00e4usern, dem l\u00f6blichen Singen oder dem Turnen.<br> Doch dann bringt Hans ein Geschenk mit nach Hause.<br> Freude soll es bringen und das tut es zun\u00e4chst auch.<br> Bis sich die seltsamen Vorkommnisse h\u00e4ufen und nicht weiter bieder verleugnet werden k\u00f6nnen.<br>So beginnt f\u00fcr Hans alsbald eine Reise, die ihn nicht nur ins Ausland f\u00fchrt, sondern auch an die Grenzen seiner eigenen Wahrheit.<\/p>\n\n\n\n<p class=\"has-medium-font-size\"><br> <img loading=\"lazy\" decoding=\"async\" width=\"165\" height=\"300\" class=\"alignnone size-medium wp-image-347\" src=\"https:\/\/ingos-buchseite.de\/wordpress\/wp-content\/uploads\/2020\/02\/18765858_1672738992754725_4487057088303773314_n-165x300.jpg\" alt=\"\" srcset=\"https:\/\/ingos-buchseite.de\/wordpress\/wp-content\/uploads\/2020\/02\/18765858_1672738992754725_4487057088303773314_n-165x300.jpg 165w, https:\/\/ingos-buchseite.de\/wordpress\/wp-content\/uploads\/2020\/02\/18765858_1672738992754725_4487057088303773314_n.jpg 528w\" sizes=\"auto, (max-width: 165px) 100vw, 165px\" \/> Und unerbittlich l\u00e4uft ihm die Zeit davon., denn wenn die Uhr abgelaufen ist muss einer sterben&#8230;<\/p>\n\n\n\n<p><img loading=\"lazy\" decoding=\"async\" width=\"188\" height=\"300\" class=\"alignnone size-medium wp-image-855\" src=\"https:\/\/ingos-buchseite.de\/wordpress\/wp-content\/uploads\/2023\/04\/Spiegelherz-Band-1-1-188x300.jpg\" alt=\"\" srcset=\"https:\/\/ingos-buchseite.de\/wordpress\/wp-content\/uploads\/2023\/04\/Spiegelherz-Band-1-1-188x300.jpg 188w, https:\/\/ingos-buchseite.de\/wordpress\/wp-content\/uploads\/2023\/04\/Spiegelherz-Band-1-1.jpg 313w\" sizes=\"auto, (max-width: 188px) 100vw, 188px\" \/><\/p>\n\n\n\n<p class=\"has-medium-font-size\">zum digitalen Spiegel &#8211;> <a href=\"https:\/\/www.amazon.de\/Spiegelherz-geh%C3%B6rst-mir-Ingo-Litschka-ebook\/dp\/B087ZPWXHC\/ref=sr_1_1?__mk_de_DE=%C3%85M%C3%85%C5%BD%C3%95%C3%91&amp;dchild=1&amp;keywords=spiegelherz+ingo+litschka&amp;qid=1588501355&amp;s=books&amp;sr=1-1\" target=\"_blank\" rel=\"noopener noreferrer\">Herz\u00a0<\/a><\/p>\n\n\n\n<p class=\"has-medium-font-size\">zum papiernen Spiegel -&gt;&nbsp;<a href=\"https:\/\/www.amazon.de\/dp\/B087S8ZY6W\/ref=sr_1_1?__mk_de_DE=%C3%85M%C3%85%C5%BD%C3%95%C3%91&amp;dchild=1&amp;keywords=spiegelherz+ingo+litschka&amp;qid=1588511658&amp;s=books&amp;sr=1-1\" target=\"_blank\" rel=\"noopener noreferrer\">Herz&nbsp;<\/a><\/p>\n\n\n\n<p><\/p>\n\n\n\n<p class=\"has-medium-font-size\">1968<br>\nDie Geschwister Reiter haben sich mit dem Leben, in das sie ein Unfall geworfen hat, gut arrangiert.<br>\nAlles nimmt seinen gewohnten Lauf in der wieder aufstrebenden Schmuckstadt Pforzheim.<br>\nDann bringt Wolfgang aus dem Nachlass des Onkels ein seltsames Paket mit nach Hause. Der Inhalt ist besch\u00e4digt, aber das macht nichts. Irmela setzt eifrig alle Teile wieder zusammen. Doch als sie den letzten Splitter einf\u00fcgt, ver\u00e4ndert sich ihr Leben, f\u00fcr immer&#8230;<\/p>\n\n\n\n<p class=\"has-medium-font-size\"><img loading=\"lazy\" decoding=\"async\" width=\"188\" height=\"300\" class=\"alignnone size-medium wp-image-856\" src=\"https:\/\/ingos-buchseite.de\/wordpress\/wp-content\/uploads\/2023\/04\/Herzspiegel-188x300.jpg\" alt=\"\" srcset=\"https:\/\/ingos-buchseite.de\/wordpress\/wp-content\/uploads\/2023\/04\/Herzspiegel-188x300.jpg 188w, https:\/\/ingos-buchseite.de\/wordpress\/wp-content\/uploads\/2023\/04\/Herzspiegel.jpg 313w\" sizes=\"auto, (max-width: 188px) 100vw, 188px\" \/>\u00a0<\/p>\n\n\n\n<p class=\"has-medium-font-size\">Hier geht es zum digitalen Herz &#8211;> <a href=\"https:\/\/www.amazon.de\/dp\/B089B5BCLP\/ref=sr_1_1?__mk_de_DE=%C3%85M%C3%85%C5%BD%C3%95%C3%91&amp;dchild=1&amp;keywords=spiegelherz+ingo+litschka+herzspiegel&amp;qid=1590685336&amp;s=books&amp;sr=1-1\" target=\"_blank\" rel=\"noopener noreferrer\">Spiegel\u00a0<\/a><\/p>\n\n\n\n<p class=\"has-medium-font-size\">Hier geht es zum papiernen Herz &#8211;&gt;&nbsp;<a href=\"https:\/\/www.amazon.de\/dp\/B089CRJZZP\/ref=tmm_pap_swatch_0?_encoding=UTF8&amp;qid=1590685336&amp;sr=1-1\" target=\"_blank\" rel=\"noopener noreferrer\">Spiegel&nbsp;<\/a><\/p>\n\n\n\n<p><\/p>\n\n\n\n<p class=\"has-medium-font-size\">1869<br>\nDer junge Goldschmiedebauer Georg Meister lebt sein Leben im Rhythmus des Goldes und des Schnitzens. Dann bekommt sein Freund Felix einen alten Beutel mit geheimnisvollen Elixieren geschenkt und die Entdeckerlust packt den jungen Apotheker. Er findet mehr als erwartet und bald schon wird Georg vor eine schwere Wahl gestellt und er muss schnell handeln, denn sonst h\u00e4lt der Tod Ernte in der kleinen Goldstadt am Rande des Schwarzwaldes\u2026<\/p>\n\n\n\n<p><img loading=\"lazy\" decoding=\"async\" width=\"188\" height=\"300\" class=\"alignnone size-medium wp-image-858\" src=\"https:\/\/ingos-buchseite.de\/wordpress\/wp-content\/uploads\/2023\/04\/Glasrausch-188x300.jpg\" alt=\"\" srcset=\"https:\/\/ingos-buchseite.de\/wordpress\/wp-content\/uploads\/2023\/04\/Glasrausch-188x300.jpg 188w, https:\/\/ingos-buchseite.de\/wordpress\/wp-content\/uploads\/2023\/04\/Glasrausch.jpg 313w\" sizes=\"auto, (max-width: 188px) 100vw, 188px\" \/><\/p>\n\n\n\n<p class=\"has-medium-font-size\">Hier rauscht das digitale &#8212;> <a href=\"https:\/\/www.amazon.de\/gp\/product\/B099NP6DX2\/ref=series_dp_rw_ca_3\" target=\"_blank\" rel=\"noopener\">Glas<\/a><\/p>\n\n\n\n<p class=\"has-medium-font-size\">Hier rauscht das papierne &#8212;&gt; <a href=\"https:\/\/www.amazon.de\/dp\/B099BYQT9J\/ref=sr_1_2?__mk_de_DE=%C3%85M%C3%85%C5%BD%C3%95%C3%91&amp;dchild=1&amp;keywords=spiegelherz+ingo+litschka&amp;qid=1626507685&amp;s=books&amp;sr=1-2\" target=\"_blank\" rel=\"noopener\">Glas<\/a><\/p>\n\n\n\n<p><\/p>\n\n\n\n<p class=\"has-medium-font-size\">1975<br>\nDas Leben des jungen Goldschmieds Markus Meister verl\u00e4uft in geregelten Bahnen. Seine Arbeit am Gold bestimmt den ewig gleichen Rhythmus seines Lebens.<br>\nDie ebenso h\u00fcbsche wie flatterhafte Lisa bringt nicht nur seinen Alltag durcheinander. Sein Gl\u00fcck scheint vollkommen, als sie bei ihm einzieht.<br>\nKurz darauf ist sie verschwunden und Markus muss schnell handeln, denn sonst verliert er mehr als nur sein Spiegelbild\u2026<\/p>\n\n\n\n<p><img loading=\"lazy\" decoding=\"async\" width=\"188\" height=\"300\" class=\"alignnone size-medium wp-image-859\" src=\"https:\/\/ingos-buchseite.de\/wordpress\/wp-content\/uploads\/2023\/04\/Glastraum-188x300.jpg\" alt=\"\" srcset=\"https:\/\/ingos-buchseite.de\/wordpress\/wp-content\/uploads\/2023\/04\/Glastraum-188x300.jpg 188w, https:\/\/ingos-buchseite.de\/wordpress\/wp-content\/uploads\/2023\/04\/Glastraum.jpg 313w\" sizes=\"auto, (max-width: 188px) 100vw, 188px\" \/> <\/p>\n\n\n\n<p class=\"has-medium-font-size\">Hier tr\u00e4umt das digitale &#8212;>\u00a0<a href=\"https:\/\/www.amazon.de\/dp\/B08NDP8G4K\/ref=sr_1_1?__mk_de_DE=%C3%85M%C3%85%C5%BD%C3%95%C3%91&amp;dchild=1&amp;keywords=glastraum+ingo+litschka&amp;qid=1605250550&amp;s=books&amp;sr=1-1\" target=\"_blank\" rel=\"noopener noreferrer\">Glas\u00a0<\/a><\/p>\n\n\n\n<p class=\"has-medium-font-size\">Hier tr\u00e4umt das papierne &#8212;&gt;&nbsp;<a href=\"https:\/\/www.amazon.de\/dp\/B08NDSSJ9W\/ref=sr_1_1?__mk_de_DE=%C3%85M%C3%85%C5%BD%C3%95%C3%91&amp;dchild=1&amp;keywords=glastraum+ingo+litschka&amp;qid=1605251179&amp;s=books&amp;sr=1-1\" target=\"_blank\" rel=\"noopener noreferrer\">Glas<\/a><\/p>\n\n\n\n<p class=\"has-medium-font-size\">Die B\u00fccher entstanden mit freundlicher Unterst\u00fctzung von:<br>\n<a href=\"https:\/\/www.pforzheim.de\/stadt\/stadtgeschichte\/stadtarchiv.html\" target=\"_blank\" rel=\"noopener noreferrer\">Stadtarchiv Pforzheim<\/a><br>\n<a href=\"https:\/\/www.pforzheim.de\/kultur\/museen\/geschichte\/stadtmuseum.html\" target=\"_blank\" rel=\"noopener noreferrer\">Pforzheimer Stadtmuseum<\/a><br>\n<a href=\"https:\/\/www.unimog-museum.com\/\" target=\"_blank\" rel=\"noopener noreferrer\">UNIMOG Museum<\/a><br>\n<a href=\"https:\/\/www.vogtsbauernhof.de\/\" target=\"_blank\" rel=\"noopener noreferrer\">Freilichtmuseum Vogtsbauernhof<\/a><br>\n<a href=\"https:\/\/www.dorotheenhuette.info\/\" target=\"_blank\" rel=\"noopener noreferrer\">Dorotheen Glash\u00fctte Wolfach&nbsp;<\/a><br>\n<a href=\"https:\/\/www.kulta-pforzheim.de\/\" target=\"_blank\" rel=\"noopener\">Kulta die Kultschmiede in Pforzheim<\/a><\/p>\n\n\n\n<p class=\"has-medium-font-size\">Inspiriert durch Spazierg\u00e4nge im Kurpark, Fahrten in der Sommerbergbahn und dem Baumwipfelpfad in&nbsp; <a href=\"https:\/\/www.bad-wildbad.de\/urlaubsziel-schwarzwald\/\" target=\"_blank\" rel=\"noopener noreferrer\">Bad Wildbad<\/a><br>\n<span style=\"font-size: inherit;\"><br>\nMit quadratisch praktischer Versorgung durch <a href=\"https:\/\/www.ritter-sport.de\/de\/\" target=\"_blank\" rel=\"noopener noreferrer\">Ritter Sport<\/a><br>\nund nat\u00fcrlich genug fl\u00fcssiger Unterst\u00fctzung von <\/span><a style=\"font-size: inherit;\" href=\"https:\/\/www.sinalco.de\/start\" target=\"_blank\" rel=\"noopener noreferrer\">Sinalco<\/a><\/p>\n","protected":false},"excerpt":{"rendered":"<p>Noch ist es still bei den Gebr\u00fcdern Reiter. Ihr strebsames Leben in der kleinen, aufstrebenden Stadt am Rande des Schwarzwaldes ist \u00fcberschaubar.. Noch folgt der Alltag am Brett der Goldschmiede dem Rhythmus des Goldes. Die Abende geh\u00f6ren den gesitteten Vortr\u00e4gen, dem Schoppen in den Wirtsh\u00e4usern, dem l\u00f6blichen Singen oder dem Turnen. Doch dann bringt Hans&#8230; <\/p>\n<div class=\"read-more navbutton\"><a href=\"https:\/\/ingos-buchseite.de\/?page_id=294\">Read More<i class=\"fa fa-angle-double-right\"><\/i><\/a><\/div>\n","protected":false},"author":3,"featured_media":0,"parent":28,"menu_order":0,"comment_status":"closed","ping_status":"closed","template":"","meta":{"footnotes":""},"class_list":["post-294","page","type-page","status-publish","hentry"],"_links":{"self":[{"href":"https:\/\/ingos-buchseite.de\/index.php?rest_route=\/wp\/v2\/pages\/294","targetHints":{"allow":["GET"]}}],"collection":[{"href":"https:\/\/ingos-buchseite.de\/index.php?rest_route=\/wp\/v2\/pages"}],"about":[{"href":"https:\/\/ingos-buchseite.de\/index.php?rest_route=\/wp\/v2\/types\/page"}],"author":[{"embeddable":true,"href":"https:\/\/ingos-buchseite.de\/index.php?rest_route=\/wp\/v2\/users\/3"}],"replies":[{"embeddable":true,"href":"https:\/\/ingos-buchseite.de\/index.php?rest_route=%2Fwp%2Fv2%2Fcomments&post=294"}],"version-history":[{"count":39,"href":"https:\/\/ingos-buchseite.de\/index.php?rest_route=\/wp\/v2\/pages\/294\/revisions"}],"predecessor-version":[{"id":1058,"href":"https:\/\/ingos-buchseite.de\/index.php?rest_route=\/wp\/v2\/pages\/294\/revisions\/1058"}],"up":[{"embeddable":true,"href":"https:\/\/ingos-buchseite.de\/index.php?rest_route=\/wp\/v2\/pages\/28"}],"wp:attachment":[{"href":"https:\/\/ingos-buchseite.de\/index.php?rest_route=%2Fwp%2Fv2%2Fmedia&parent=294"}],"curies":[{"name":"wp","href":"https:\/\/api.w.org\/{rel}","templated":true}]}}