{"id":260,"date":"2019-07-05T10:51:24","date_gmt":"2019-07-05T10:51:24","guid":{"rendered":"https:\/\/ingos-buchseite.de\/?page_id=260"},"modified":"2025-02-13T17:35:40","modified_gmt":"2025-02-13T17:35:40","slug":"schild-und-stangenwaffe","status":"publish","type":"page","link":"https:\/\/ingos-buchseite.de\/?page_id=260","title":{"rendered":"Schild Speer und mehr"},"content":{"rendered":"\n<p class=\"has-text-align-center\"><img loading=\"lazy\" decoding=\"async\" width=\"200\" height=\"300\" class=\"wp-image-978\" style=\"width: 200px;\" src=\"https:\/\/ingos-buchseite.de\/wordpress\/wp-content\/uploads\/2024\/06\/Schwert-und-Schild.jpg\" alt=\"\" srcset=\"https:\/\/ingos-buchseite.de\/wordpress\/wp-content\/uploads\/2024\/06\/Schwert-und-Schild.jpg 1000w, https:\/\/ingos-buchseite.de\/wordpress\/wp-content\/uploads\/2024\/06\/Schwert-und-Schild-200x300.jpg 200w, https:\/\/ingos-buchseite.de\/wordpress\/wp-content\/uploads\/2024\/06\/Schwert-und-Schild-683x1024.jpg 683w, https:\/\/ingos-buchseite.de\/wordpress\/wp-content\/uploads\/2024\/06\/Schwert-und-Schild-768x1151.jpg 768w\" sizes=\"auto, (max-width: 200px) 100vw, 200px\" \/><\/p>\n\n\n\n<p>Der Ritterschild ist so bekannt, dass er es sogar in die Kinofilme geschafft hat.<br>Aber dennoch stellt er uns oft vor R\u00e4tsel.<br>Denn \u00fcber seine Anwendung im Gefecht ist so gut wie nichts aufgeschrieben oder wir haben es bis jetzt einfach noch nicht gefunden.<br>So f\u00fchrt das \u00fcberarbeitete Buch ein kleines Experiment durch.<br>Es zeigt, was geschieht, wenn man historisch \u00fcberlieferte Fechttechniken Europas diesmal nicht nur mit einem Einhandschwert und einem Buckler, sondern mit einem Dreieckschild ausf\u00fchrt.<br>Das Buch enth\u00e4lt wieder viele Fotos und Anregungen f\u00fcr das \u00dcben mit diesem Schild.<br>Hier gibt es einen Blick hinter &#8212;&gt; <a href=\"https:\/\/www.amazon.de\/dp\/B0D8GSC48L\/ref=sr_1_2?__mk_de_DE=%C3%85M%C3%85%C5%BD%C3%95%C3%91&amp;dib=eyJ2IjoiMSJ9.I43rtwko-kO7U7R9JG52QojMI5t2S_GD2ze_WXBGODEYKO_tEeAafanyT4OYUVQS4EnZ0upooqHA4XkZBXIrMDAH3HOnJbP3Cb1hqPDQQ7AB54bCWbS3gL24EAW1oOlirQy2Rlh1-WQZm3J8ClZ7gwMCl6PzLxlq7T9Vx_9j2QgjmaCvAMAksmido4bsARVrJSyL82HtkJ9a63qCq-XHFgfHvEdtJ73GukJWBDwHLzc.AOGJ4F-ljUHh53_YUZ6GvQhhlhD-toO8oHtWcKL2cuM&amp;dib_tag=se&amp;keywords=Schild+und+schwert+ingo+litschka&amp;qid=1719749539&amp;s=books&amp;sr=1-2\" target=\"_blank\" rel=\"noreferrer noopener\">Schild<\/a><\/p>\n\n\n<div class=\"wp-block-image\">\n<figure class=\"aligncenter\"><img loading=\"lazy\" decoding=\"async\" width=\"200\" height=\"300\" src=\"https:\/\/ingos-buchseite.de\/wordpress\/wp-content\/uploads\/2023\/04\/ungrischer-Schild-200x300.jpg\" alt=\"\" class=\"wp-image-806\" srcset=\"https:\/\/ingos-buchseite.de\/wordpress\/wp-content\/uploads\/2023\/04\/ungrischer-Schild-200x300.jpg 200w, https:\/\/ingos-buchseite.de\/wordpress\/wp-content\/uploads\/2023\/04\/ungrischer-Schild.jpg 333w\" sizes=\"auto, (max-width: 200px) 100vw, 200px\" \/><\/figure>\n<\/div>\n\n\n<p>Das Buch befasst sich mit einem ganz eigenwilligen Teil der europ\u00e4ischen Bewaffnung, dem ungrischen Schild. Nur einmal taucht er in einer Handschrift auf, nur einen Satz bekam er mit auf seinen Weg. Doch das reichte f\u00fcr ein Experiment. Das Buch nutzt das schon vorhandene Wissen aus dem Bucklermanuskript I.33 und Leck\u00fcchners langem Messer, um ihn wieder erlebbar zu machen, diesen ungrischen Schild.<\/p>\n\n\n\n<p>Hier kann man mehr lesen &#8211;&gt;&nbsp;<a href=\"https:\/\/www.amazon.de\/ungrische-Schild-das-lange-Messer\/dp\/1722487623\/ref=sr_1_fkmr1_1?__mk_de_DE=%C3%85M%C3%85%C5%BD%C3%95%C3%91&amp;keywords=der+ungarische+schild+und+das+lange+messer+ingo+litschka&amp;qid=1575723675&amp;s=books&amp;sr=1-1-fkmr1\" target=\"_blank\" rel=\"noopener noreferrer\">ungrischer Schild&nbsp;<\/a><\/p>\n\n\n<div class=\"wp-block-image\">\n<figure class=\"aligncenter\"><img loading=\"lazy\" decoding=\"async\" width=\"200\" height=\"300\" src=\"https:\/\/ingos-buchseite.de\/wordpress\/wp-content\/uploads\/2023\/04\/Speer-eine-Einfuehrung-200x300.jpg\" alt=\"\" class=\"wp-image-808\" srcset=\"https:\/\/ingos-buchseite.de\/wordpress\/wp-content\/uploads\/2023\/04\/Speer-eine-Einfuehrung-200x300.jpg 200w, https:\/\/ingos-buchseite.de\/wordpress\/wp-content\/uploads\/2023\/04\/Speer-eine-Einfuehrung.jpg 333w\" sizes=\"auto, (max-width: 200px) 100vw, 200px\" \/><\/figure>\n<\/div>\n\n\n<p>Der Speer begleitet die Menschheit schon lange durch die Geschichte hindurch. Er wurde auch in den mittelalterlichen Kampfweisen beschrieben, denn er kann weit mehr als nur weggeworfen werden. Das vorliegende Buch gibt dem Leser einen leichten Einstieg in die Fecht-spiele mit dieser schnellen Waffe.<\/p>\n\n\n\n<p>Hier geht es zum &#8212;&gt;&nbsp;<a href=\"https:\/\/www.amazon.de\/dp\/107047939X\/ref=sr_1_1?__mk_de_DE=%C3%85M%C3%85%C5%BD%C3%95%C3%91&amp;keywords=Speer+Stange+Stock&amp;qid=1559140147&amp;s=books&amp;sr=1-1-catcorr\" target=\"_blank\" rel=\"noopener noreferrer\">Speer&nbsp;&nbsp;<\/a><\/p>\n\n\n\n<p><\/p>\n\n\n\n<p><img loading=\"lazy\" decoding=\"async\" width=\"200\" height=\"300\" class=\"wp-image-813\" style=\"width: 200px;\" src=\"https:\/\/ingos-buchseite.de\/wordpress\/wp-content\/uploads\/2023\/04\/langes-messer-nach-Leckuechner.jpg\" alt=\"\" srcset=\"https:\/\/ingos-buchseite.de\/wordpress\/wp-content\/uploads\/2023\/04\/langes-messer-nach-Leckuechner.jpg 333w, https:\/\/ingos-buchseite.de\/wordpress\/wp-content\/uploads\/2023\/04\/langes-messer-nach-Leckuechner-200x300.jpg 200w\" sizes=\"auto, (max-width: 200px) 100vw, 200px\" \/><br><br>Das Buch ist eine \u00dcbersetzung von Leck\u00fcchners Buch \u00fcber das Fechten mit dem langen Messer. Es soll dem Neugierigen und Einsteiger im Fechten mit dieser in ihrer Technikvielfalt immer wieder \u00fcberraschenden Waffe einen leicht verst\u00e4ndlichen Zugang zu Leck\u00fcchners Techniksammlung geben als eine Transkription das kann. So kann der Leser sich dem Thema leichter n\u00e4hern und sich dann vielleicht selbst an Transkriptionen oder Interpretationen wagen.<\/p>\n\n\n\n<p>Hier geht es&nbsp; aufs Papier zum&nbsp; &#8212;&gt; <a href=\"https:\/\/www.amazon.de\/langes-Messer-nach-Leck%C3%BCchner-%C3%9Cbersetzung\/dp\/1096115352\/ref=sr_1_1?__mk_de_DE=%C3%85M%C3%85%C5%BD%C3%95%C3%91&amp;keywords=langes+Messer&amp;qid=1575742359&amp;s=books&amp;sr=1-1\" target=\"_blank\" rel=\"noopener noreferrer\">langen Messer&nbsp;<\/a><br>Hier geht es digital zum &#8211;&gt;&nbsp;<a href=\"https:\/\/www.amazon.de\/gp\/product\/B07R79KT22\/ref=dbs_a_def_rwt_hsch_vapi_tkin_p1_i0\" target=\"_blank\" rel=\"noopener\">langen Messer<\/a><\/p>\n\n\n\n<p><img loading=\"lazy\" decoding=\"async\" width=\"200\" height=\"300\" class=\"wp-image-814\" style=\"width: 200px;\" src=\"https:\/\/ingos-buchseite.de\/wordpress\/wp-content\/uploads\/2023\/04\/langes-Schwert-nach-Liechtenauer.jpg\" alt=\"\" srcset=\"https:\/\/ingos-buchseite.de\/wordpress\/wp-content\/uploads\/2023\/04\/langes-Schwert-nach-Liechtenauer.jpg 333w, https:\/\/ingos-buchseite.de\/wordpress\/wp-content\/uploads\/2023\/04\/langes-Schwert-nach-Liechtenauer-200x300.jpg 200w\" sizes=\"auto, (max-width: 200px) 100vw, 200px\" \/><br><br>Das vorliegende Buch ist eine Techniksammlung, eine Synopse mehrerer historischer Handschriften, die in modernes Deutsch \u00fcbersetzt und verkn\u00fcpft wurden.Es soll dem Neugierigen und Einsteiger im Fechten mit dieser, immer wieder \u00fcberraschenden Waffe einen leichter verst\u00e4ndlichen Zugang zu den alten Texten geben als eine Transkription das kann. So kann der Leser sich dem Thema leichter n\u00e4hern und sich dann vielleicht selbst an Transkriptionen oder Interpretationen wagen.<\/p>\n\n\n\n<p>Hier geht es zur \u00dcbersetzung mit dem &#8212;&gt; <a href=\"https:\/\/www.amazon.de\/Langes-Schwert-nach-Liechtenauer-%C3%9Cbersetzung\/dp\/108049121X\/ref=sr_1_2?__mk_de_DE=%C3%85M%C3%85%C5%BD%C3%95%C3%91&amp;keywords=langes+Schwert+nach+Liechtenauer&amp;qid=1575742475&amp;s=books&amp;sr=1-2\" target=\"_blank\" rel=\"noopener noreferrer\">langen Schwert&nbsp;<\/a><\/p>\n\n\n\n<p><img loading=\"lazy\" decoding=\"async\" width=\"150\" height=\"225\" class=\"wp-image-815\" style=\"width: 150px;\" src=\"https:\/\/ingos-buchseite.de\/wordpress\/wp-content\/uploads\/2023\/04\/Dolchkampf-Scheiben-und-Parierdolch.jpg\" alt=\"\" srcset=\"https:\/\/ingos-buchseite.de\/wordpress\/wp-content\/uploads\/2023\/04\/Dolchkampf-Scheiben-und-Parierdolch.jpg 333w, https:\/\/ingos-buchseite.de\/wordpress\/wp-content\/uploads\/2023\/04\/Dolchkampf-Scheiben-und-Parierdolch-200x300.jpg 200w\" sizes=\"auto, (max-width: 150px) 100vw, 150px\" \/><br><br>Das Buch gibt im ersten Teil einen Einstieg in den Kampf mit dem Scheibendolch, der auch ein Kapitel f\u00fcr Linksh\u00e4nder enth\u00e4lt. Der zweite Teil besch\u00e4ftigt sich mit dem Parierdolch und seiner Kampfweise. W\u00e4hrend im dritten Teil des bildreichen Buches diese so unterschiedlichen Dolche einige Techniken gegeneinander ausspielen.<\/p>\n\n\n\n<p>Hier geht es zum &#8212;&gt;&nbsp;<a href=\"https:\/\/www.amazon.de\/Dolchkampf-Scheibendolch-Parierdolch-Ingo-Litschka\/dp\/1721205373\/ref=sr_1_1?__mk_de_DE=%C3%85M%C3%85%C5%BD%C3%95%C3%91&amp;keywords=Dolchkampf+ingo+litschka&amp;qid=1575742707&amp;s=books&amp;sr=1-1\" target=\"_blank\" rel=\"noopener noreferrer\">Dolchkampf&nbsp;<\/a><\/p>\n\n\n\n<p><img loading=\"lazy\" decoding=\"async\" width=\"150\" height=\"225\" class=\"wp-image-817\" style=\"width: 150px;\" src=\"https:\/\/ingos-buchseite.de\/wordpress\/wp-content\/uploads\/2023\/04\/links-Fechten-1.jpg\" alt=\"\" srcset=\"https:\/\/ingos-buchseite.de\/wordpress\/wp-content\/uploads\/2023\/04\/links-Fechten-1.jpg 333w, https:\/\/ingos-buchseite.de\/wordpress\/wp-content\/uploads\/2023\/04\/links-Fechten-1-200x300.jpg 200w\" sizes=\"auto, (max-width: 150px) 100vw, 150px\" \/><br><br>Und dann kommt man an einen anderen Fechtpartner und der steht einfach verkehrt herum. Wobei das eigentlich wiederum richtig ist. Zumindest f\u00fcr ihn, den Linksh\u00e4nder. Doch wie ficht man mit einem Linksfechter? Oder wie kann man als Linksh\u00e4nder selbst historisch Fechten, ohne sich selbst dabei innerlich im Weg zu stehen? Das kleine Buch gibt mit vielen Fotos Tipps und Anregungen f\u00fcr Linksfechter.<\/p>\n\n\n\n<p>Hier geht das Papier nach &#8211;&gt; <a href=\"https:\/\/www.amazon.de\/dp\/1651140790\/ref=sr_1_1?__mk_de_DE=%C3%85M%C3%85%C5%BD%C3%95%C3%91&amp;keywords=links+fechten+ingo+litschka&amp;qid=1577415512&amp;s=books&amp;sr=1-1\" target=\"_blank\" rel=\"noopener noreferrer\">Links&nbsp;<\/a><br>Hier geht es digital nach&nbsp; &nbsp;&#8211;&gt;&nbsp;<a href=\"https:\/\/www.amazon.de\/Links-Fechten-Schwert-Messer-mehr-ebook\/dp\/B0834G1GGF\/ref=sr_1_4?__mk_de_DE=%C3%85M%C3%85%C5%BD%C3%95%C3%91&amp;dchild=1&amp;keywords=links+fechten+ingo+litschka&amp;qid=1599046273&amp;s=books&amp;sr=1-4\" target=\"_blank\" rel=\"noopener noreferrer\">Links<\/a><\/p>\n\n\n\n<p><img loading=\"lazy\" decoding=\"async\" width=\"150\" height=\"225\" class=\"wp-image-818\" style=\"width: 150px;\" src=\"https:\/\/ingos-buchseite.de\/wordpress\/wp-content\/uploads\/2023\/04\/links-Fechten-2.jpg\" alt=\"\" srcset=\"https:\/\/ingos-buchseite.de\/wordpress\/wp-content\/uploads\/2023\/04\/links-Fechten-2.jpg 333w, https:\/\/ingos-buchseite.de\/wordpress\/wp-content\/uploads\/2023\/04\/links-Fechten-2-200x300.jpg 200w\" sizes=\"auto, (max-width: 150px) 100vw, 150px\" \/><br><br>Wieder steht er vollkommen verkehrt, der Linksfechter. Nie ist er da, wo man ihn haben will. Doch f\u00fcr ihn ist es umgekehrt mit dem Rechtsh\u00e4nder genauso. Das kleine Buch setzt den ersten Band fort und gibt mit viel Bildmaterial Tipps und Tricks f\u00fcr den Linksfechter an verschiedenen Waffen.<\/p>\n\n\n\n<p>Wieder ein Blick zur papiernen &#8211;&gt; <a href=\"https:\/\/www.amazon.de\/dp\/1659441587\/ref=sr_1_3?__mk_de_DE=%C3%85M%C3%85%C5%BD%C3%95%C3%91&amp;keywords=links%20fechten%20ingo%20litschka&amp;qid=1578902446&amp;s=books&amp;sr=1-3\" target=\"_blank\" rel=\"noopener noreferrer\">Linken Hand&nbsp;&nbsp;<\/a><br>Dann ein Blick zur digitalen&nbsp; &nbsp; &nbsp; &#8211;&gt;&nbsp;<a href=\"https:\/\/www.amazon.de\/Links-Fechten-Andere-Techniken-Schwert-ebook\/dp\/B083RX6FV8\/ref=sr_1_3?__mk_de_DE=%C3%85M%C3%85%C5%BD%C3%95%C3%91&amp;dchild=1&amp;keywords=links+fechten+ingo+litschka&amp;qid=1599046273&amp;s=books&amp;sr=1-3\" target=\"_blank\" rel=\"noopener noreferrer\">linken Hand<\/a><\/p>\n\n\n\n<p><img loading=\"lazy\" decoding=\"async\" width=\"200\" height=\"300\" class=\"wp-image-819\" style=\"width: 200px;\" src=\"https:\/\/ingos-buchseite.de\/wordpress\/wp-content\/uploads\/2023\/04\/Einhand-Schwert-Liberi-und-mehr.jpg\" alt=\"\" srcset=\"https:\/\/ingos-buchseite.de\/wordpress\/wp-content\/uploads\/2023\/04\/Einhand-Schwert-Liberi-und-mehr.jpg 333w, https:\/\/ingos-buchseite.de\/wordpress\/wp-content\/uploads\/2023\/04\/Einhand-Schwert-Liberi-und-mehr-200x300.jpg 200w\" sizes=\"auto, (max-width: 200px) 100vw, 200px\" \/><br><br>Das lange Schwert hat nichts an seiner Faszination verloren. Doch in diesem Buch ist geht es diesmal das einh\u00e4ndig gef\u00fchrte Schwert, das lange vorher schon seine Dienste tat. Wieder mit vielen Bildern bekommt der Neugierige einen Einstieg in das Fechten mit dieser Waffe gezeigt.<br>Ein Griff ans &#8212;>\u00a0<a href=\"https:\/\/www.amazon.de\/dp\/B085KS1L35\/ref=sr_1_1?__mk_de_DE=%C3%85M%C3%85%C5%BD%C3%95%C3%91&amp;keywords=das+Einhand-Schwert+ingo+litschka&amp;qid=1583660581&amp;s=books&amp;sr=1-1\" target=\"_blank\" rel=\"noopener noreferrer\">Schwert\u00a0<\/a><\/p>\n\n\n\n<p><img loading=\"lazy\" decoding=\"async\" width=\"150\" height=\"239\" class=\"wp-image-820\" style=\"width: 150px;\" src=\"https:\/\/ingos-buchseite.de\/wordpress\/wp-content\/uploads\/2023\/04\/Liechtenauers-Schwert.jpg\" alt=\"\" srcset=\"https:\/\/ingos-buchseite.de\/wordpress\/wp-content\/uploads\/2023\/04\/Liechtenauers-Schwert.jpg 313w, https:\/\/ingos-buchseite.de\/wordpress\/wp-content\/uploads\/2023\/04\/Liechtenauers-Schwert-188x300.jpg 188w\" sizes=\"auto, (max-width: 150px) 100vw, 150px\" \/><br><br>HS.3227a ist der schn\u00f6de Titel der Handschrift, die mitunter zu den \u00e4ltesten z\u00e4hlt, die wir haben und in der ein unbekannter Autor als Erster die Lehre Liechtenauers aufgeschrieben hat. Leider in oftmals recht unverst\u00e4ndlichen S\u00e4tzen. Das vorliegende Buch soll dem Interessierten den Einstieg erleichtern, indem es die Sprache der Handschrift in heutiges Deutsch \u00fcbersetzt.<\/p>\n\n\n\n<p>Hier geht es zu &#8211;&gt;&nbsp;<a rel=\"noopener noreferrer\" href=\"https:\/\/www.amazon.de\/dp\/B086FPZ5JB\/ref=sr_1_3?__mk_de_DE=%C3%85M%C3%85%C5%BD%C3%95%C3%91&amp;dchild=1&amp;keywords=Liechtenauer+Schwert&amp;qid=1585307651&amp;s=books&amp;sr=1-3\" target=\"_blank\">HS3227a<\/a>  <\/p>\n\n\n\n<p> <br><br><\/p>\n","protected":false},"excerpt":{"rendered":"<p>Der Ritterschild ist so bekannt, dass er es sogar in die Kinofilme geschafft hat.Aber dennoch stellt er uns oft vor R\u00e4tsel.Denn \u00fcber seine Anwendung im Gefecht ist so gut wie nichts aufgeschrieben oder wir haben es bis jetzt einfach noch nicht gefunden.So f\u00fchrt das \u00fcberarbeitete Buch ein kleines Experiment durch.Es zeigt, was geschieht, wenn man&#8230; <\/p>\n<div class=\"read-more navbutton\"><a href=\"https:\/\/ingos-buchseite.de\/?page_id=260\">Read More<i class=\"fa fa-angle-double-right\"><\/i><\/a><\/div>\n","protected":false},"author":3,"featured_media":0,"parent":26,"menu_order":0,"comment_status":"closed","ping_status":"closed","template":"","meta":{"footnotes":""},"class_list":["post-260","page","type-page","status-publish","hentry"],"_links":{"self":[{"href":"https:\/\/ingos-buchseite.de\/index.php?rest_route=\/wp\/v2\/pages\/260","targetHints":{"allow":["GET"]}}],"collection":[{"href":"https:\/\/ingos-buchseite.de\/index.php?rest_route=\/wp\/v2\/pages"}],"about":[{"href":"https:\/\/ingos-buchseite.de\/index.php?rest_route=\/wp\/v2\/types\/page"}],"author":[{"embeddable":true,"href":"https:\/\/ingos-buchseite.de\/index.php?rest_route=\/wp\/v2\/users\/3"}],"replies":[{"embeddable":true,"href":"https:\/\/ingos-buchseite.de\/index.php?rest_route=%2Fwp%2Fv2%2Fcomments&post=260"}],"version-history":[{"count":57,"href":"https:\/\/ingos-buchseite.de\/index.php?rest_route=\/wp\/v2\/pages\/260\/revisions"}],"predecessor-version":[{"id":1018,"href":"https:\/\/ingos-buchseite.de\/index.php?rest_route=\/wp\/v2\/pages\/260\/revisions\/1018"}],"up":[{"embeddable":true,"href":"https:\/\/ingos-buchseite.de\/index.php?rest_route=\/wp\/v2\/pages\/26"}],"wp:attachment":[{"href":"https:\/\/ingos-buchseite.de\/index.php?rest_route=%2Fwp%2Fv2%2Fmedia&parent=260"}],"curies":[{"name":"wp","href":"https:\/\/api.w.org\/{rel}","templated":true}]}}