{"id":111,"date":"2018-09-21T11:37:05","date_gmt":"2018-09-21T11:37:05","guid":{"rendered":"https:\/\/ingos-buchseite.de\/?page_id=111"},"modified":"2025-07-19T21:29:58","modified_gmt":"2025-07-19T21:29:58","slug":"gedanken-u-a-buecher","status":"publish","type":"page","link":"https:\/\/ingos-buchseite.de\/?page_id=111","title":{"rendered":"Gedanken Motivation Kraft"},"content":{"rendered":"<p><img loading=\"lazy\" decoding=\"async\" class=\"size-medium wp-image-822 aligncenter\" src=\"https:\/\/ingos-buchseite.de\/wordpress\/wp-content\/uploads\/2023\/04\/Hinter-der-Maske-200x300.jpg\" alt=\"\" width=\"200\" height=\"300\" srcset=\"https:\/\/ingos-buchseite.de\/wordpress\/wp-content\/uploads\/2023\/04\/Hinter-der-Maske-200x300.jpg 200w, https:\/\/ingos-buchseite.de\/wordpress\/wp-content\/uploads\/2023\/04\/Hinter-der-Maske.jpg 333w\" sizes=\"auto, (max-width: 200px) 100vw, 200px\" \/>Fechten, ist das wirklich nur von Gestern? Macht man das wirklich nur in diesen wei\u00dfen Anz\u00fcgen? Das Spiel der Klingen nannte man es einst, seit \u00fcber einem Jahrzehnt ist es wieder da, das sogenannte historische Fechten. Das vorliegende Buch gew\u00e4hrt einerseits den Blick hinter die Maske eines heutigen Fechters, auf der anderen Seite f\u00fchrt es auch in die Zeit eines Meisters des 14. Jahrhunderts und zeigt dessen Gedanken. In unser heutiges Deutsch \u00fcbersetzt kann der &#8222;moderne&#8220; Mensch wesentlich mehr daraus lernen als zuerst gedacht. Denn Fechten mit dem langen Schwert ist weit mehr als nur wildes Dreschen mit stumpfer Klinge auf dicke Schutzkleidung. Schon die alten Meister sprachen hierbei von einer Kunst. Sie ver\u00e4ndert die gesamte Wahrnehmung des Lernenden.<\/p>\n<p>Hier k\u00f6nnen Sie mehr lesen &#8212;&gt; <a href=\"https:\/\/www.amazon.de\/Hinter-Maske-wenn-Fechten-Stahl\/dp\/1508968535\/ref=sr_1_7?s=books&amp;ie=UTF8&amp;qid=1537529540&amp;sr=1-7&amp;keywords=hinter+der+maske\" target=\"_blank\" rel=\"noopener noreferrer\">Hinter der Maske\u00a0\u00a0\u00a0<\/a><\/p>\n<p><img loading=\"lazy\" decoding=\"async\" class=\"size-medium wp-image-1022 aligncenter\" src=\"https:\/\/ingos-buchseite.de\/wordpress\/wp-content\/uploads\/2025\/07\/Schild-und-Kraft-200x300.jpg\" alt=\"\" width=\"200\" height=\"300\" srcset=\"https:\/\/ingos-buchseite.de\/wordpress\/wp-content\/uploads\/2025\/07\/Schild-und-Kraft-200x300.jpg 200w, https:\/\/ingos-buchseite.de\/wordpress\/wp-content\/uploads\/2025\/07\/Schild-und-Kraft.jpg 284w\" sizes=\"auto, (max-width: 200px) 100vw, 200px\" \/> Der eine hat seinen Schild neu gekauft und nun soll es damit zum ersten Mal ins Gefecht gehen.<br \/>\nDer andere will nach langer Winterpause endlich wieder losziehen.<br \/>\nDoch schon bald wird beiden der Schildarm schwer und schwerer.<br \/>\nDamit weder das erste Gefecht, noch die Winterpause schlecht werden. Gibt das vorliegende Buch beiden \u00dcbungen an den Schildarm, damit dieser l\u00e4nger im Gefecht bleiben kann.<br \/>\nHier geht es zu &#8211;&gt;\u00a0<a href=\"https:\/\/www.amazon.de\/dp\/B0FJ6LBZGK\/ref=sr_1_1?__mk_de_DE=%C3%85M%C3%85%C5%BD%C3%95%C3%91&amp;crid=19TEXDH4PAWBA&amp;dib=eyJ2IjoiMSJ9.nqy8dI-rmzM881rXrRoTJtDqiLq9pxMnvvEwY_qDbczQj9EHqtEkx1YPIUnbWskzQZxXL6L1oWrLcv3n1SJjJJiVn6s0R0tHP5klRWKVt7c.6tocnWon1y4Nty59SpVZp4HtYziXHMwjQVCDx92C26U&amp;dib_tag=se&amp;keywords=schild+und+kraft+ingo+litschka&amp;qid=1752960259&amp;s=books&amp;sprefix=schild+und+kraft+ingo+litschka%2Cstripbooks%2C381&amp;sr=1-1\" target=\"_blank\" rel=\"noopener\">Schild und Kraft<\/a><\/p>\n<p>&nbsp;<\/p>\n<p><img loading=\"lazy\" decoding=\"async\" class=\"size-medium wp-image-1004 aligncenter\" src=\"https:\/\/ingos-buchseite.de\/wordpress\/wp-content\/uploads\/2025\/02\/Harnisch-und-Kraft-200x300.jpg\" alt=\"\" width=\"200\" height=\"300\" srcset=\"https:\/\/ingos-buchseite.de\/wordpress\/wp-content\/uploads\/2025\/02\/Harnisch-und-Kraft-200x300.jpg 200w, https:\/\/ingos-buchseite.de\/wordpress\/wp-content\/uploads\/2025\/02\/Harnisch-und-Kraft-683x1024.jpg 683w, https:\/\/ingos-buchseite.de\/wordpress\/wp-content\/uploads\/2025\/02\/Harnisch-und-Kraft-768x1151.jpg 768w, https:\/\/ingos-buchseite.de\/wordpress\/wp-content\/uploads\/2025\/02\/Harnisch-und-Kraft.jpg 1000w\" sizes=\"auto, (max-width: 200px) 100vw, 200px\" \/> Das Buch richtet sich ebenso an Neueinsteiger wie \u00e4ltere R\u00fcstungstr\u00e4ger. Denn so ein Plattner oder auch Ringelpanzer mit Plattenteilen, die ver\u00e4ndern das Bewegen doch ein wenig. Selbst wenn die R\u00fcstung ihre 30 Kilogramm auf den Leib des Tr\u00e4gers verteilt, sind nicht alle Alltagsmuskeln darauf vorbereitet. Das kleine Buch gibt ein erstes steigerndes Programm, das helfen kann sich kraftvoll vorzubereiten. Wieder mit vielen \u00dcbungsideen und Fotos f\u00fcr den kraftvollen Einstieg. Damit der Freude sich mit anderen R\u00fcstungen zu messen nichts mehr im Weg steht.<br \/>\nHier geht es zum &#8211;&gt; <a href=\"https:\/\/www.amazon.de\/dp\/B0DWLF2755\/ref=sr_1_1?__mk_de_DE=%C3%85M%C3%85%C5%BD%C3%95%C3%91&amp;crid=A7MG6KD5D8IU&amp;dib=eyJ2IjoiMSJ9.91F29NOQfzfV3chAD8ZiQTG9YC7-7MN-Cblt1dz0NqjWknxLCbay2DUVUWewQAarDSA4UUougpQub1yfg21Tl-gupWQGPCildPflGHhS_B45H_aoCmuqnTjSv89XJTZP.yHmFd4BWTKWWVS610pyRCmqZuXx54xYbfQMfwOUmxVk&amp;dib_tag=se&amp;keywords=Harnisch+und+kraft+ingo+litschka&amp;qid=1739118754&amp;s=books&amp;sprefix=harnisch+und+kraft+ingo+litschka%2Cstripbooks%2C175&amp;sr=1-1\" target=\"_blank\" rel=\"noopener\">Harnisch mit Kraft<\/a><\/p>\n<p>&nbsp;<\/p>\n<p><img loading=\"lazy\" decoding=\"async\" class=\"size-medium wp-image-825 aligncenter\" src=\"https:\/\/ingos-buchseite.de\/wordpress\/wp-content\/uploads\/2023\/04\/Schwert-Kraft-5-188x300.jpg\" alt=\"\" width=\"188\" height=\"300\" srcset=\"https:\/\/ingos-buchseite.de\/wordpress\/wp-content\/uploads\/2023\/04\/Schwert-Kraft-5-188x300.jpg 188w, https:\/\/ingos-buchseite.de\/wordpress\/wp-content\/uploads\/2023\/04\/Schwert-Kraft-5.jpg 313w\" sizes=\"auto, (max-width: 188px) 100vw, 188px\" \/>Das Buch besch\u00e4ftigt sich mit der Zeit vor dem Training und vor dem Wettkampf, denn genau jetzt stellen sich die Weichen f\u00fcr das Kommende. Wird das Training gut oder schlecht? Kann der Wettkampf ein Gewinn oder verliert man innerlich doch etwas? Das Buch spielt verschiedene Ideen durch, gibt Tipps und l\u00e4sst auch andere Sportler zu Wort kommen.<\/p>\n<p>Hier geht es zu den &#8211;&gt;\u00a0<a href=\"https:\/\/www.amazon.de\/dp\/B08BR8YY7X\/ref=tmm_pap_swatch_0?_encoding=UTF8&amp;qid=1592986495&amp;sr=1-2\" target=\"_blank\" rel=\"noopener noreferrer\">Ideen<\/a><\/p>\n<p>&nbsp;<\/p>\n<p><img loading=\"lazy\" decoding=\"async\" class=\"size-medium wp-image-1010 aligncenter\" src=\"https:\/\/ingos-buchseite.de\/wordpress\/wp-content\/uploads\/2025\/02\/Schwert-Kraft-4-200x300.jpg\" alt=\"\" width=\"200\" height=\"300\" srcset=\"https:\/\/ingos-buchseite.de\/wordpress\/wp-content\/uploads\/2025\/02\/Schwert-Kraft-4-200x300.jpg 200w, https:\/\/ingos-buchseite.de\/wordpress\/wp-content\/uploads\/2025\/02\/Schwert-Kraft-4-683x1024.jpg 683w, https:\/\/ingos-buchseite.de\/wordpress\/wp-content\/uploads\/2025\/02\/Schwert-Kraft-4-768x1151.jpg 768w, https:\/\/ingos-buchseite.de\/wordpress\/wp-content\/uploads\/2025\/02\/Schwert-Kraft-4.jpg 1000w\" sizes=\"auto, (max-width: 200px) 100vw, 200px\" \/><\/p>\n<p>Der Ausfall will manchmal einfach tiefer sein, die gegnerische Klinge will es auch, aber die eigenen Beine wollen es nicht. Das Buch gibt dem Leser wieder Tipps und \u00dcbungen an die Hand. Es zeigt ihm mit vielen Fotos, wie er seinen Ausf\u00e4llen mehr Tiefe und Weite verpassen kann, ohne dabei seine Geschwindigkeit zu verlieren.<br \/>\nHier kommt der tiefe Ausfall zu &#8211;&gt;\u00a0<a href=\"https:\/\/www.amazon.de\/dp\/B0DX2J8FS8\/ref=sr_1_7?__mk_de_DE=%C3%85M%C3%85%C5%BD%C3%95%C3%91&amp;dib=eyJ2IjoiMSJ9.p-hf_dsIQg2X2XzbKb1U8RRZPFBRuksQvPa3rcM-OHotNHF7lxK3N5IlY8AIG51y8CYotFPJxGm9BGevggPhuTYGDWA4Oj6EQIcdWgkvVh2xf8YRxLJCF54CQ2oFYRr24Y1XEimiwZro7xrDdBQmxhXQLzGt9b4bNFZyltcHDhc3dbWEOTkYx9WOLLX3x2HMYsbGC5U76dPsIpZvqvndTLoqb4QS67YI0TNlXwtpsug.j7JZke-qnqQZSD-9Jsamj4_dsMk29rj3dOzxxh5-cGI&amp;dib_tag=se&amp;keywords=schwert+%26+kraft+ingo+litschka&amp;qid=1739467230&amp;s=books&amp;sr=1-7\" target=\"_blank\" rel=\"noopener\">Schwert &amp; Kraft 4<\/a><\/p>\n<p>&nbsp;<\/p>\n<p>&nbsp;<\/p>\n<p><img loading=\"lazy\" decoding=\"async\" class=\"size-medium wp-image-1007 aligncenter\" src=\"https:\/\/ingos-buchseite.de\/wordpress\/wp-content\/uploads\/2025\/02\/schwert-und-Kraft-3-200x300.jpg\" alt=\"\" width=\"200\" height=\"300\" srcset=\"https:\/\/ingos-buchseite.de\/wordpress\/wp-content\/uploads\/2025\/02\/schwert-und-Kraft-3-200x300.jpg 200w, https:\/\/ingos-buchseite.de\/wordpress\/wp-content\/uploads\/2025\/02\/schwert-und-Kraft-3-683x1024.jpg 683w, https:\/\/ingos-buchseite.de\/wordpress\/wp-content\/uploads\/2025\/02\/schwert-und-Kraft-3-768x1151.jpg 768w, https:\/\/ingos-buchseite.de\/wordpress\/wp-content\/uploads\/2025\/02\/schwert-und-Kraft-3.jpg 1000w\" sizes=\"auto, (max-width: 200px) 100vw, 200px\" \/><\/p>\n<p>Wenn der Alltag auf den Nacken dr\u00fcckt, wenn das Becken zu viel im B\u00fcro sitzt, dann wollen die Muskeln einfach nicht mehr fechten. Nun will das aber niemand deswegen einfach fallenlassen. Denn da gibt es ja noch ein paar \u00dcbungen mehr.<br \/>\nDas Buch gibt dem Leser, wieder mit vielen Fotos, genau solche weiteren \u00dcbungen an die Hand. Es gibt ihm auch Tipps, wie er den Alltag besiegen und seine Motivation nach Verletzungspause wiederbekommen kann.<br \/>\nHier geht es zu &#8211;&gt;\u00a0<a href=\"https:\/\/www.amazon.de\/dp\/B0DX2JPQXS\/ref=sr_1_5?__mk_de_DE=%C3%85M%C3%85%C5%BD%C3%95%C3%91&amp;crid=5JN791PKQ0ZT&amp;dib=eyJ2IjoiMSJ9.p-hf_dsIQg2X2XzbKb1U8RRZPFBRuksQvPa3rcM-OHotNHF7lxK3N5IlY8AIG51y8CYotFPJxGm9BGevggPhuTYGDWA4Oj6EQIcdWgkvVh2xf8YRxLJCF54CQ2oFYRr24Y1XEimiwZro7xrDdBQmxhXQLzGt9b4bNFZyltcHDhc3dbWEOTkYx9WOLLX3x2HMYsbGC5U76dPsIpZvqvndTLoqb4QS67YI0TNlXwtpsug.j7JZke-qnqQZSD-9Jsamj4_dsMk29rj3dOzxxh5-cGI&amp;dib_tag=se&amp;keywords=schwert+%26+kraft+ingo+litschka&amp;qid=1739466752&amp;s=books&amp;sprefix=schwert+%26+kraft+ingo+litschka%2Cstripbooks%2C286&amp;sr=1-5\" target=\"_blank\" rel=\"noopener\">Schwert &amp; Kraft 3<\/a><\/p>\n<p><img loading=\"lazy\" decoding=\"async\" class=\"size-medium wp-image-831 aligncenter\" src=\"https:\/\/ingos-buchseite.de\/wordpress\/wp-content\/uploads\/2023\/04\/Schwert-Kraft-2-200x300.jpg\" alt=\"\" width=\"200\" height=\"300\" srcset=\"https:\/\/ingos-buchseite.de\/wordpress\/wp-content\/uploads\/2023\/04\/Schwert-Kraft-2-200x300.jpg 200w, https:\/\/ingos-buchseite.de\/wordpress\/wp-content\/uploads\/2023\/04\/Schwert-Kraft-2.jpg 333w\" sizes=\"auto, (max-width: 200px) 100vw, 200px\" \/>Das vorliegende Buch ist die Fortsetzung f\u00fcr die Trainierenden, die einfach noch mehr wissen wollen. Diesmal wird mehr auf Bewegungsradien und neue \u00dcbungen eingegangen, aber auch der Teil der Sachkunde kommt diesmal nicht zu knapp. Band 2 ist eine sinnvolle Erg\u00e4nzung f\u00fcr das erste Buch und alle, die einfach noch mehr wissen wollen.<\/p>\n<p>Hier k\u00f6nnen Sie Papier lesen &#8212;&gt; <a href=\"https:\/\/www.amazon.de\/Schwert-Kraft-2-weitere-%C3%9Cbungen\/dp\/1690748834\/ref=sr_1_2?__mk_de_DE=%C3%85M%C3%85%C5%BD%C3%95%C3%91&amp;keywords=schwert+%26+kraft&amp;qid=1575722127&amp;s=books&amp;sr=1-2\" target=\"_blank\" rel=\"noopener noreferrer\">Kraft 2\u00a0<\/a><br \/>\nHier k\u00f6nnen Sie digital lesen &#8211;&gt; <a href=\"https:\/\/www.amazon.de\/gp\/product\/B07X8D2VQ9\/ref=dbs_a_def_rwt_hsch_vapi_tkin_p1_i1\" target=\"_blank\" rel=\"noopener\">Kraft 2 <\/a><\/p>\n<p><img loading=\"lazy\" decoding=\"async\" class=\"size-medium wp-image-833 aligncenter\" src=\"https:\/\/ingos-buchseite.de\/wordpress\/wp-content\/uploads\/2023\/04\/Schwert-Kraft-1-200x300.jpg\" alt=\"\" width=\"200\" height=\"300\" srcset=\"https:\/\/ingos-buchseite.de\/wordpress\/wp-content\/uploads\/2023\/04\/Schwert-Kraft-1-200x300.jpg 200w, https:\/\/ingos-buchseite.de\/wordpress\/wp-content\/uploads\/2023\/04\/Schwert-Kraft-1.jpg 333w\" sizes=\"auto, (max-width: 200px) 100vw, 200px\" \/>Wer kennt das nicht?Man macht einen Ausfall und dann reicht die Kraft nicht f\u00fcr den Rest. Oder das Knie soll sich beugen und will nicht\u2026Das vorliegende Buch gibt sowohl dem Neuling als auch dem Wiedereinsteiger einen Leitfaden an die Hand wie man die eigene Kraftsituation mit einfach nachzumachenden \u00dcbungen verbessern kann. Denn Fechten erfordert nicht nur Schnelligkeit, sondern mitunter auch Sprungkraft und Flexibilit\u00e4t. Das Buch zeigt einen Weg wie man Beides erlangen oder noch steigern kann.<\/p>\n<p>Hier k\u00f6nnen Sie auf Papier lesen &#8212;&gt; <a href=\"https:\/\/www.amazon.de\/Schwert-Kraft-Aufbautraining-Ingo-Litschka\/dp\/1089000995\/ref=sr_1_1?__mk_de_DE=%C3%85M%C3%85%C5%BD%C3%95%C3%91&amp;keywords=schwert+%26+kraft&amp;qid=1575722127&amp;s=books&amp;sr=1-1\" target=\"_blank\" rel=\"noopener noreferrer\">SchwertKraft\u00a0<\/a><br \/>\nHier k\u00f6nnen Sie es digital lesen &#8211;&gt;<a href=\"https:\/\/www.amazon.de\/gp\/product\/B07W7SSHQX\/ref=dbs_a_def_rwt_hsch_vapi_tkin_p1_i2\" target=\"_blank\" rel=\"noopener\">SchwertKraft<\/a><\/p>\n<p><img loading=\"lazy\" decoding=\"async\" class=\"size-medium wp-image-907 aligncenter\" src=\"https:\/\/ingos-buchseite.de\/wordpress\/wp-content\/uploads\/2023\/07\/Schatten-Kunst-und-Klinge-200x300.jpg\" alt=\"\" width=\"200\" height=\"300\" srcset=\"https:\/\/ingos-buchseite.de\/wordpress\/wp-content\/uploads\/2023\/07\/Schatten-Kunst-und-Klinge-200x300.jpg 200w, https:\/\/ingos-buchseite.de\/wordpress\/wp-content\/uploads\/2023\/07\/Schatten-Kunst-und-Klinge.jpg 283w\" sizes=\"auto, (max-width: 200px) 100vw, 200px\" \/><\/p>\n<p>Das Buch ist kein neues Fecht- oder Kunstbuch im landl\u00e4ufigen Sinne. Hier werden keine maltechnischen Tricks oder neue Fechttechniken gezeigt. Ebenso werden hier keine unn\u00f6tigen Beweise erbracht, was denn Kunst sein k\u00f6nnte und was nicht. Vielmehr zeigt das Buch einen farbigen Einblick in die gemeinsame Vergangenheit beider K\u00fcnste, die weit enger miteinander verwoben sind als man \u00fcblicherweise denkt. Denn das Fechten und die gestalterische Kunst waren keineswegs immer Feinde. Das Buch l\u00e4sst auch einen Blick \u00fcber die Schulter des Autors zu.<br \/>\nUnd hier finden Sie den &#8211;&gt; <a href=\"https:\/\/www.amazon.de\/Schatten-Kunst-Klinge-Ingo-Litschka\/dp\/B0BM3NH4QC\/ref=sr_1_2?__mk_de_DE=%C3%85M%C3%85%C5%BD%C3%95%C3%91&amp;crid=L7DE862ZMLH8&amp;keywords=schatten+kunst+und+klinge&amp;qid=1689175749&amp;s=books&amp;sprefix=schatten+kunst+und+klinge%2Cstripbooks%2C513&amp;sr=1-2\" target=\"_blank\" rel=\"noopener\">Schatten<\/a><\/p>\n","protected":false},"excerpt":{"rendered":"<p>Fechten, ist das wirklich nur von Gestern? Macht man das wirklich nur in diesen wei\u00dfen Anz\u00fcgen? Das Spiel der Klingen nannte man es einst, seit \u00fcber einem Jahrzehnt ist es wieder da, das sogenannte historische Fechten. Das vorliegende Buch gew\u00e4hrt einerseits den Blick hinter die Maske eines heutigen Fechters, auf der anderen Seite f\u00fchrt es&#8230; <\/p>\n<div class=\"read-more navbutton\"><a href=\"https:\/\/ingos-buchseite.de\/?page_id=111\">Read More<i class=\"fa fa-angle-double-right\"><\/i><\/a><\/div>\n","protected":false},"author":3,"featured_media":0,"parent":26,"menu_order":0,"comment_status":"closed","ping_status":"closed","template":"","meta":{"footnotes":""},"class_list":["post-111","page","type-page","status-publish","hentry"],"_links":{"self":[{"href":"https:\/\/ingos-buchseite.de\/index.php?rest_route=\/wp\/v2\/pages\/111","targetHints":{"allow":["GET"]}}],"collection":[{"href":"https:\/\/ingos-buchseite.de\/index.php?rest_route=\/wp\/v2\/pages"}],"about":[{"href":"https:\/\/ingos-buchseite.de\/index.php?rest_route=\/wp\/v2\/types\/page"}],"author":[{"embeddable":true,"href":"https:\/\/ingos-buchseite.de\/index.php?rest_route=\/wp\/v2\/users\/3"}],"replies":[{"embeddable":true,"href":"https:\/\/ingos-buchseite.de\/index.php?rest_route=%2Fwp%2Fv2%2Fcomments&post=111"}],"version-history":[{"count":64,"href":"https:\/\/ingos-buchseite.de\/index.php?rest_route=\/wp\/v2\/pages\/111\/revisions"}],"predecessor-version":[{"id":1023,"href":"https:\/\/ingos-buchseite.de\/index.php?rest_route=\/wp\/v2\/pages\/111\/revisions\/1023"}],"up":[{"embeddable":true,"href":"https:\/\/ingos-buchseite.de\/index.php?rest_route=\/wp\/v2\/pages\/26"}],"wp:attachment":[{"href":"https:\/\/ingos-buchseite.de\/index.php?rest_route=%2Fwp%2Fv2%2Fmedia&parent=111"}],"curies":[{"name":"wp","href":"https:\/\/api.w.org\/{rel}","templated":true}]}}